{"id":3545,"date":"2023-08-10T07:16:51","date_gmt":"2023-08-10T07:16:51","guid":{"rendered":"https:\/\/idckohtao.com\/why-choose-idc-koh-tao\/"},"modified":"2023-09-16T22:10:56","modified_gmt":"2023-09-16T22:10:56","slug":"why-choose-idc-koh-tao","status":"publish","type":"page","link":"https:\/\/idckohtao.com\/fr\/why-choose-idc-koh-tao\/","title":{"rendered":"Pourquoi Choisir Idc Koh Tao"},"content":{"rendered":"<div class=\"wpb-content-wrapper\"><p>[vc_row][vc_column][vc_column_text]<\/p>\n<h2>IDC Koh Tao \u2013 Cours de d\u00e9veloppement d\u2019instructeur PADI 5 \u00e9toiles<\/h2>\n<p>Notre \u00e9quipe de formation de plongeurs IDC Koh Tao situ\u00e9e au\u00a0<a href=\"https:\/\/www.blackturtledive.com\/\" target=\"_blank\" rel=\"noopener noreferrer\">centre de plong\u00e9e Black Turtle Dive<\/a>, propose une formation d\u2019expert aux non-plongeurs, aux d\u00e9butants et aux candidats de niveau professionnel avec un r\u00e9el accent sur les comp\u00e9tences, les comp\u00e9tences et la confiance des plongeurs.<\/p>\n<p>Nous proposons des programmes de formation de\u00a0<a href=\"https:\/\/idckohtao.com\/fr\/padi-diving-courses\/\">plongeurs<\/a>\u00a0complets con\u00e7us, mis en \u0153uvre et dirig\u00e9s par une \u00e9quipe de classe mondiale de formateurs d\u2019instructeurs seniors.<\/p>\n<p>En tant que l\u2019un des centres de plong\u00e9e les plus \u00e9tablis et les plus progressifs de Tha\u00eflande, IDC Koh Tao\u00a0s\u2019est b\u00e2ti une r\u00e9putation de professionnalisme et de d\u00e9vouement sans pareil.<\/p>\n<p>Nous sommes reconnus dans l\u2019industrie de la plong\u00e9e comme l\u2019un des rares centres de plong\u00e9e du pays \u00e0 avoir re\u00e7u le prestigieux Career Development Center (CDC) et une note 5 \u00e9toiles de PADI.<\/p>\n<p>Notre centre IDC sp\u00e9cialement con\u00e7u assure un environnement relaxant et sans stress pour votre d\u00e9veloppement professionnel. Nos salles de classe climatis\u00e9es cr\u00e9ent le cadre id\u00e9al pour commencer l\u2019IDC. En plus de cela notre cours de d\u00e9veloppement d\u2019instructeur un\u00a0<a href=\"https:\/\/idckohtao.com\/fr\/marine-conservation\/\">environnement<\/a>\u00a0relaxant et sans stress.<\/p>\n<p><img decoding=\"async\" class=\"alignnone wp-image-817 size-large\" src=\"https:\/\/idckohtao.com\/wp-content\/uploads\/2023\/08\/idckohtao.com-divemaster-skills-in-neutrally-buoyant-Controlled-Emergency-Swimming-Ascent-1-1024x576.jpeg\" alt=\"idckohtao.com-divemaster-skills-in-neutrally-buoyant-Controlled-Emergency-Swimming-Ascent\" width=\"1024\" height=\"576\" srcset=\"https:\/\/idckohtao.com\/wp-content\/uploads\/2023\/08\/idckohtao.com-divemaster-skills-in-neutrally-buoyant-Controlled-Emergency-Swimming-Ascent-1-1024x576.jpeg 1024w, https:\/\/idckohtao.com\/wp-content\/uploads\/2023\/08\/idckohtao.com-divemaster-skills-in-neutrally-buoyant-Controlled-Emergency-Swimming-Ascent-1-300x169.jpeg 300w, https:\/\/idckohtao.com\/wp-content\/uploads\/2023\/08\/idckohtao.com-divemaster-skills-in-neutrally-buoyant-Controlled-Emergency-Swimming-Ascent-1-768x432.jpeg 768w, https:\/\/idckohtao.com\/wp-content\/uploads\/2023\/08\/idckohtao.com-divemaster-skills-in-neutrally-buoyant-Controlled-Emergency-Swimming-Ascent-1.jpeg 1280w\" sizes=\"(max-width: 1024px) 100vw, 1024px\" \/><\/p>\n<h3>Cours de d\u00e9veloppement d\u2019instructeur PADI Koh Tao<\/h3>\n<p>IDC Koh Tao est situ\u00e9 en bord de mer \u00e0 seulement 300 m\u00e8tres de la jet\u00e9e principale de Mae Haad et offre \u00e0 nos candidats IDC un acc\u00e8s facile \u00e0 tous les domaines de nos op\u00e9rations. \u00catre entour\u00e9 d\u2019un environnement de plong\u00e9e est un \u00e9norme avantage pour tous les candidats, tout en inspirant les \u00e9tudiants et les futurs professionnels de la plong\u00e9e!<\/p>\n<p>Ajoutez \u00e0 cela notre restaurant et bar en bord de mer donnant sur l\u2019oc\u00e9an et son difficile d\u2019imaginer un meilleur endroit pour aller Pro.<\/p>\n<ul>\n<li>Tous les programmes de stage d\u2019instructeur et de stage Divemaster organis\u00e9s par l\u2019un des \u00e9quipages de plong\u00e9e les plus exp\u00e9riment\u00e9s de Tha\u00eflande<\/li>\n<li>le centre de plong\u00e9e prim\u00e9 de Koh Tao et l\u2019une des op\u00e9rations de plong\u00e9e PADI les plus r\u00e9ussies au monde<\/li>\n<li>\u00cele de\u00a0<a href=\"https:\/\/idckohtao.com\/fr\/why-choose-koh-tao\/\">Koh Tao<\/a>\u00a0\u2013 Une destination incontournable et l\u2019un des meilleurs endroits au monde pour la formation de\u00a0<a href=\"https:\/\/idckohtao.com\/fr\/padi-divemaster-course\/\">Divemaster<\/a>\u00a0et\u00a0<a href=\"https:\/\/idckohtao.com\/fr\/padi-instructor-development-course\/\">d\u2019Instructeur<\/a>\u00a0de niveau Pro<\/li>\n<li>Tous les stages comprennent un s\u00e9minaire sur les r\u00e9cifs coralliens \/ sensibilisation \u00e0 l\u2019environnement et action.<\/li>\n<li>1 an DiveAssist ScubaMedic Classic (IDEC) International Diving Cover Insurance incluse dans tous les programmes de stage<\/li>\n<li>Matt\u2019s \u00ab garantie de passer \u00bb unique pour l\u2019examen d\u2019instructeur (IE)!<\/li>\n<li>Dans le cas tr\u00e8s improbable o\u00f9 vous ne r\u00e9ussissez pas sur IE, nous paierons votre deuxi\u00e8me IDC et IE<\/li>\n<li>Atelier d\u2019aide au placement et de d\u00e9veloppement de curriculum vitae<\/li>\n<\/ul>\n<p>[\/vc_column_text][\/vc_column][\/vc_row]<\/p>\n<\/div>","protected":false},"excerpt":{"rendered":"<p>[vc_row][vc_column][vc_column_text] IDC Koh Tao \u2013 Cours de d\u00e9veloppement d\u2019instructeur PADI 5 \u00e9toiles Notre \u00e9quipe de formation de plongeurs IDC Koh Tao situ\u00e9e au\u00a0centre de plong\u00e9e Black Turtle Dive, propose une formation d\u2019expert aux non-plongeurs, aux d\u00e9butants et aux candidats de niveau professionnel avec un r\u00e9el accent sur les comp\u00e9tences, les comp\u00e9tences et la confiance des [&hellip;]<\/p>\n","protected":false},"author":1,"featured_media":5194,"parent":0,"menu_order":0,"comment_status":"closed","ping_status":"closed","template":"","meta":{"_acf_changed":false,"footnotes":""},"class_list":["post-3545","page","type-page","status-publish","has-post-thumbnail","hentry"],"acf":[],"yoast_head":"<!-- This site is optimized with the Yoast SEO Premium plugin v27.5 (Yoast SEO v27.5) - https:\/\/yoast.com\/product\/yoast-seo-premium-wordpress\/ -->\n<title>IDC Koh Tao | Cours d&#039;instructeur de plong\u00e9e PADI - Koh Tao<\/title>\n<meta name=\"description\" content=\"Choisissez IDC Koh Tao Tha\u00eflande pour vos cours de d\u00e9veloppement d&#039;instructeur PADI. Installations de vill\u00e9giature compl\u00e8tes, options d&#039;h\u00e9bergement. Installation de plong\u00e9e prim\u00e9e\" \/>\n<meta name=\"robots\" content=\"index, follow, max-snippet:-1, max-image-preview:large, max-video-preview:-1\" \/>\n<link rel=\"canonical\" href=\"https:\/\/idckohtao.com\/fr\/why-choose-idc-koh-tao\/\" \/>\n<meta property=\"og:locale\" content=\"fr_FR\" \/>\n<meta property=\"og:type\" content=\"article\" \/>\n<meta property=\"og:title\" content=\"IDC Koh Tao | Cours d&#039;instructeur de plong\u00e9e PADI - Koh Tao\" \/>\n<meta property=\"og:description\" content=\"Choisissez IDC Koh Tao Tha\u00eflande pour vos cours de d\u00e9veloppement d&#039;instructeur PADI. Installations de vill\u00e9giature compl\u00e8tes, options d&#039;h\u00e9bergement. Installation de plong\u00e9e prim\u00e9e\" \/>\n<meta property=\"og:url\" content=\"https:\/\/idckohtao.com\/fr\/why-choose-idc-koh-tao\/\" \/>\n<meta property=\"og:site_name\" content=\"IDC Koh Tao\" \/>\n<meta property=\"article:publisher\" content=\"https:\/\/www.facebook.com\/GoProIDCKohTao\" \/>\n<meta property=\"article:modified_time\" content=\"2023-09-16T22:10:56+00:00\" \/>\n<meta property=\"og:image\" content=\"https:\/\/idckohtao.com\/wp-content\/uploads\/2023\/08\/idckohtao.com-mask-clear-pro-dive-courses-1.jpg\" \/>\n\t<meta property=\"og:image:width\" content=\"1920\" \/>\n\t<meta property=\"og:image:height\" content=\"1080\" \/>\n\t<meta property=\"og:image:type\" content=\"image\/jpeg\" \/>\n<meta name=\"twitter:card\" content=\"summary_large_image\" \/>\n<meta name=\"twitter:title\" content=\"IDC Koh Tao | Cours d&#039;instructeur de plong\u00e9e PADI - Koh Tao\" \/>\n<meta name=\"twitter:description\" content=\"Choisissez IDC Koh Tao Tha\u00eflande pour vos cours de d\u00e9veloppement d&#039;instructeur PADI. Installations de vill\u00e9giature compl\u00e8tes, options d&#039;h\u00e9bergement. Installation de plong\u00e9e prim\u00e9e\" \/>\n<meta name=\"twitter:site\" content=\"@GoProIDCKohTao\" \/>\n<!-- \/ Yoast SEO Premium plugin. -->","yoast_head_json":{"title":"IDC Koh Tao | Cours d&#039;instructeur de plong\u00e9e PADI - Koh Tao","description":"Choisissez IDC Koh Tao Tha\u00eflande pour vos cours de d\u00e9veloppement d&#039;instructeur PADI. Installations de vill\u00e9giature compl\u00e8tes, options d&#039;h\u00e9bergement. Installation de plong\u00e9e prim\u00e9e","robots":{"index":"index","follow":"follow","max-snippet":"max-snippet:-1","max-image-preview":"max-image-preview:large","max-video-preview":"max-video-preview:-1"},"canonical":"https:\/\/idckohtao.com\/fr\/why-choose-idc-koh-tao\/","og_locale":"fr_FR","og_type":"article","og_title":"IDC Koh Tao | Cours d&#039;instructeur de plong\u00e9e PADI - Koh Tao","og_description":"Choisissez IDC Koh Tao Tha\u00eflande pour vos cours de d\u00e9veloppement d&#039;instructeur PADI. Installations de vill\u00e9giature compl\u00e8tes, options d&#039;h\u00e9bergement. Installation de plong\u00e9e prim\u00e9e","og_url":"https:\/\/idckohtao.com\/fr\/why-choose-idc-koh-tao\/","og_site_name":"IDC Koh Tao","article_publisher":"https:\/\/www.facebook.com\/GoProIDCKohTao","article_modified_time":"2023-09-16T22:10:56+00:00","og_image":[{"width":1920,"height":1080,"url":"https:\/\/idckohtao.com\/wp-content\/uploads\/2023\/08\/idckohtao.com-mask-clear-pro-dive-courses-1.jpg","type":"image\/jpeg"}],"twitter_card":"summary_large_image","twitter_title":"IDC Koh Tao | Cours d&#039;instructeur de plong\u00e9e PADI - Koh Tao","twitter_description":"Choisissez IDC Koh Tao Tha\u00eflande pour vos cours de d\u00e9veloppement d&#039;instructeur PADI. Installations de vill\u00e9giature compl\u00e8tes, options d&#039;h\u00e9bergement. Installation de plong\u00e9e prim\u00e9e","twitter_site":"@GoProIDCKohTao","schema":{"@context":"https:\/\/schema.org","@graph":[{"@type":"NewsArticle","@id":"https:\/\/idckohtao.com\/fr\/why-choose-idc-koh-tao\/#article","isPartOf":{"@id":"https:\/\/idckohtao.com\/fr\/why-choose-idc-koh-tao\/"},"author":{"name":"ojasya","@id":"https:\/\/idckohtao.com\/fr\/#\/schema\/person\/d08d557cbfdbc171f824052dae697b02"},"headline":"Pourquoi Choisir Idc Koh Tao","datePublished":"2023-08-10T07:16:51+00:00","dateModified":"2023-09-16T22:10:56+00:00","mainEntityOfPage":{"@id":"https:\/\/idckohtao.com\/fr\/why-choose-idc-koh-tao\/"},"wordCount":495,"publisher":{"@id":"https:\/\/idckohtao.com\/fr\/#organization"},"image":{"@id":"https:\/\/idckohtao.com\/fr\/why-choose-idc-koh-tao\/#primaryimage"},"thumbnailUrl":"https:\/\/idckohtao.com\/wp-content\/uploads\/2023\/09\/idckohtao.com-diving-instructor-course-in-thailand.jpg","inLanguage":"fr-FR"},{"@type":"WebPage","@id":"https:\/\/idckohtao.com\/fr\/why-choose-idc-koh-tao\/","url":"https:\/\/idckohtao.com\/fr\/why-choose-idc-koh-tao\/","name":"IDC Koh Tao | Cours d&#039;instructeur de plong\u00e9e PADI - Koh Tao","isPartOf":{"@id":"https:\/\/idckohtao.com\/fr\/#website"},"primaryImageOfPage":{"@id":"https:\/\/idckohtao.com\/fr\/why-choose-idc-koh-tao\/#primaryimage"},"image":{"@id":"https:\/\/idckohtao.com\/fr\/why-choose-idc-koh-tao\/#primaryimage"},"thumbnailUrl":"https:\/\/idckohtao.com\/wp-content\/uploads\/2023\/09\/idckohtao.com-diving-instructor-course-in-thailand.jpg","datePublished":"2023-08-10T07:16:51+00:00","dateModified":"2023-09-16T22:10:56+00:00","description":"Choisissez IDC Koh Tao Tha\u00eflande pour vos cours de d\u00e9veloppement d&#039;instructeur PADI. Installations de vill\u00e9giature compl\u00e8tes, options d&#039;h\u00e9bergement. Installation de plong\u00e9e prim\u00e9e","breadcrumb":{"@id":"https:\/\/idckohtao.com\/fr\/why-choose-idc-koh-tao\/#breadcrumb"},"inLanguage":"fr-FR","potentialAction":[{"@type":"ReadAction","target":["https:\/\/idckohtao.com\/fr\/why-choose-idc-koh-tao\/"]}]},{"@type":"ImageObject","inLanguage":"fr-FR","@id":"https:\/\/idckohtao.com\/fr\/why-choose-idc-koh-tao\/#primaryimage","url":"https:\/\/idckohtao.com\/wp-content\/uploads\/2023\/09\/idckohtao.com-diving-instructor-course-in-thailand.jpg","contentUrl":"https:\/\/idckohtao.com\/wp-content\/uploads\/2023\/09\/idckohtao.com-diving-instructor-course-in-thailand.jpg","width":1200,"height":900,"caption":"Diving Instructor Course in Thailand"},{"@type":"BreadcrumbList","@id":"https:\/\/idckohtao.com\/fr\/why-choose-idc-koh-tao\/#breadcrumb","itemListElement":[{"@type":"ListItem","position":1,"name":"Home","item":"https:\/\/idckohtao.com\/fr\/"},{"@type":"ListItem","position":2,"name":"Pourquoi Choisir Idc Koh Tao"}]},{"@type":"WebSite","@id":"https:\/\/idckohtao.com\/fr\/#website","url":"https:\/\/idckohtao.com\/fr\/","name":"IDC Koh Tao","description":"PADI IDC 5 Star Diving Center in Koh Tao - Thailand","publisher":{"@id":"https:\/\/idckohtao.com\/fr\/#organization"},"alternateName":"IDC Koh Tao in Thailand","potentialAction":[{"@type":"SearchAction","target":{"@type":"EntryPoint","urlTemplate":"https:\/\/idckohtao.com\/fr\/?s={search_term_string}"},"query-input":{"@type":"PropertyValueSpecification","valueRequired":true,"valueName":"search_term_string"}}],"inLanguage":"fr-FR"},{"@type":"Organization","@id":"https:\/\/idckohtao.com\/fr\/#organization","name":"IDC Koh Tao","alternateName":"IDC Koh Tao | Divemaster & Diving Instructor","url":"https:\/\/idckohtao.com\/fr\/","logo":{"@type":"ImageObject","inLanguage":"fr-FR","@id":"https:\/\/idckohtao.com\/fr\/#\/schema\/logo\/image\/","url":"https:\/\/idckohtao.com\/wp-content\/uploads\/2023\/09\/idckohtao.com-padi-diving-center-in-koh-tao-thailand.png","contentUrl":"https:\/\/idckohtao.com\/wp-content\/uploads\/2023\/09\/idckohtao.com-padi-diving-center-in-koh-tao-thailand.png","width":400,"height":300,"caption":"IDC Koh Tao"},"image":{"@id":"https:\/\/idckohtao.com\/fr\/#\/schema\/logo\/image\/"},"sameAs":["https:\/\/www.facebook.com\/GoProIDCKohTao","https:\/\/x.com\/GoProIDCKohTao","https:\/\/www.youtube.com\/idckohtao","https:\/\/www.instagram.com\/idc.kohtao\/"],"description":"IDC Koh Tao is a part of the Black Turtle Dive pro level training team with three PADI Course Directors being led by Award Winning PADI Course Director Matt Bolton. Our full range of pro and recreational PADI Diving Courses provides aspiring scuba divers with education, fun, excitement, adventure, and a change of lifestyle or an opportunity to pursue a new career.","email":"info@idckohtao.com","legalName":"IDC Koh Tao","foundingDate":"2004-01-04","numberOfEmployees":{"@type":"QuantitativeValue","minValue":"1","maxValue":"10"},"correctionsPolicy":"https:\/\/idckohtao.com\/privacy-policy\/","ethicsPolicy":"https:\/\/idckohtao.com\/terms\/"},{"@type":"Person","@id":"https:\/\/idckohtao.com\/fr\/#\/schema\/person\/d08d557cbfdbc171f824052dae697b02","name":"ojasya","image":{"@type":"ImageObject","inLanguage":"fr-FR","@id":"https:\/\/secure.gravatar.com\/avatar\/6fb34e36d09053a6545fc21d344613321bb1933f185132488f38052166f5a001?s=96&d=mm&r=g","url":"https:\/\/secure.gravatar.com\/avatar\/6fb34e36d09053a6545fc21d344613321bb1933f185132488f38052166f5a001?s=96&d=mm&r=g","contentUrl":"https:\/\/secure.gravatar.com\/avatar\/6fb34e36d09053a6545fc21d344613321bb1933f185132488f38052166f5a001?s=96&d=mm&r=g","caption":"ojasya"},"sameAs":["https:\/\/idckohtao.com"],"url":"https:\/\/idckohtao.com\/fr\/blog\/author\/ojasya\/"}]}},"_links":{"self":[{"href":"https:\/\/idckohtao.com\/fr\/wp-json\/wp\/v2\/pages\/3545","targetHints":{"allow":["GET"]}}],"collection":[{"href":"https:\/\/idckohtao.com\/fr\/wp-json\/wp\/v2\/pages"}],"about":[{"href":"https:\/\/idckohtao.com\/fr\/wp-json\/wp\/v2\/types\/page"}],"author":[{"embeddable":true,"href":"https:\/\/idckohtao.com\/fr\/wp-json\/wp\/v2\/users\/1"}],"replies":[{"embeddable":true,"href":"https:\/\/idckohtao.com\/fr\/wp-json\/wp\/v2\/comments?post=3545"}],"version-history":[{"count":0,"href":"https:\/\/idckohtao.com\/fr\/wp-json\/wp\/v2\/pages\/3545\/revisions"}],"wp:featuredmedia":[{"embeddable":true,"href":"https:\/\/idckohtao.com\/fr\/wp-json\/wp\/v2\/media\/5194"}],"wp:attachment":[{"href":"https:\/\/idckohtao.com\/fr\/wp-json\/wp\/v2\/media?parent=3545"}],"curies":[{"name":"wp","href":"https:\/\/api.w.org\/{rel}","templated":true}]}}