{"id":3548,"date":"2023-08-10T08:54:07","date_gmt":"2023-08-10T08:54:07","guid":{"rendered":"https:\/\/idckohtao.com\/why-choose-koh-tao\/"},"modified":"2023-09-28T06:36:38","modified_gmt":"2023-09-28T06:36:38","slug":"why-choose-koh-tao","status":"publish","type":"page","link":"https:\/\/idckohtao.com\/fr\/why-choose-koh-tao\/","title":{"rendered":"Pourquoi Choisir Koh Tao"},"content":{"rendered":"<div class=\"wpb-content-wrapper\"><p>[vc_row][vc_column][vc_column_text]<\/p>\n<h2>Koh Tao \u2013 Le lieu de formation des plongeurs le plus populaire au monde<\/h2>\n<p>Traduit comme \u00ab l\u2019\u00cele aux Tortues \u00bb, Koh Tao est une petite \u00eele tropicale situ\u00e9e au large de la c\u00f4te est de la Tha\u00eflande. Avec Koh Phangan et Koh Samui, Koh Tao fait partie de l\u2019archipel de Chumphon.<\/p>\n<p>Dans sa partie la plus large, il mesure 3,4 km de large et mesure 7,6 km de long. Cela rend l\u2019\u00eele super facile \u00e0 explorer et \u00e0 conna\u00eetre. Le littoral, qui est un littoral rocheux principalement escarp\u00e9, se compose de 11 baies et 10 caps avec un r\u00e9cif de corail environnant s\u2019\u00e9tendant sur 8 km.<\/p>\n<p>Contrairement \u00e0 d\u2019autres \u00eeles de\u00a0<a href=\"https:\/\/en.wikipedia.org\/wiki\/Ko_Tao\" target=\"_blank\" rel=\"noopener\">Tha\u00eflande, Koh Tao<\/a>\u00a0peut \u00eatre visit\u00e9e toute l\u2019ann\u00e9e. Nous sommes extr\u00eamement chanceux d\u2019avoir g\u00e9n\u00e9ralement un ciel clair et un beau soleil. La brise fra\u00eeche de l\u2019oc\u00e9an aide \u00e0 maintenir les temp\u00e9ratures supportables. Si le temps est venteux certains jours, il y a toujours une zone calme \u00e0 l\u2019\u00e9cart, pour nous permettre de plonger tous les jours.<\/p>\n<p><b>La formation des plongeurs \u00e0 son meilleur<br \/>\n<\/b><\/p>\n<p>L\u2019\u00eele poss\u00e8de une beaut\u00e9 naturelle au-dessus et en dessous de l\u2019eau; mais c\u2019est ce qui est sous l\u2019oc\u00e9an qui le rend le plus c\u00e9l\u00e8bre. Ses magnifiques r\u00e9cifs coralliens et sa vie marine abondante attirent les plongeurs dans la r\u00e9gion depuis plus de 35 ans.<\/p>\n<p>Avec une industrie de la plong\u00e9e florissante, Koh Tao est devenue l\u2019un des principaux sites tropicaux pour l\u2019\u00e9ducation des plongeurs. Il est clair de voir pourquoi Koh Tao certifie plus d\u2019\u00e9tudiants dans le monde, plus que tout autre lieu ann\u00e9e apr\u00e8s ann\u00e9e. Ayant un \u00e9quilibre parfait entre les sites de plong\u00e9e de niveau d\u00e9butant et plus avanc\u00e9, c\u2019est presque comme si l\u2019\u00eele \u00e9tait faite pour enseigner la plong\u00e9e.<\/p>\n<p>Nos sites de plong\u00e9e peu profonds et peu ou pas de courants signifient que vous apprendrez \u00e0 enseigner dans des conditions presque parfaites. Cela vous permettra de construire une base solide en mati\u00e8re de formation, sur laquelle vous pourrez vous baser plus tard dans des environnements plus difficiles. En ce qui concerne la formation continue, Koh Tao offre de nombreux emplacements adapt\u00e9s pour r\u00e9pondre \u00e0 tous vos besoins en plong\u00e9e sous-marine.<\/p>\n<p>Avec plus de 26 sites de plong\u00e9e autour de Koh Tao, il est facile de voir pourquoi les gens viennent ici pour plonger chaque ann\u00e9e. Des pinacles rocheux sous-marins profonds aux baies de sable peu profondes; des \u00e9paves aux grottes, c\u2019est vraiment un terrain de jeu pour les plongeurs.<\/p>\n<p><b>Un large choix d\u2019activit\u00e9s<br \/>\n<\/b><\/p>\n<p>Ok\u2026 nous savons ce que vous pensez. La plong\u00e9e est-elle tout ce que cette \u00eele a \u00e0 offrir? M\u00eame si l\u2019\u00eele est synonyme de plong\u00e9e, il y a encore beaucoup \u00e0 faire sur notre petit coin de paradis. Pendant les jours o\u00f9 vous ne plongez pas, vous pouvez toujours explorer le monde sous-marin lors de sorties de plong\u00e9e avec tuba, d\u2019aventures en kayak et m\u00eame de planche \u00e0 pagaie.<\/p>\n<p>Pour les randonneurs, il y a des jungles c\u00f4ti\u00e8res \u00e0 explorer et des points de vue \u00e0 gravir. Explorer Koh Tao \u00e0 pied vous permettra de d\u00e9couvrir l\u2019\u00eele d\u2019une toute nouvelle mani\u00e8re.<\/p>\n<p>Si vous \u00eates un drogu\u00e9 de fitness, il existe un certain nombre de gymnases, offrant une vari\u00e9t\u00e9 de cours et d\u2019entra\u00eenement. Participez au Yoga, CrossFit, Muay Thai ou tout ce que votre c\u0153ur d\u00e9sire. Cela vous permettra de maintenir tous vos besoins de style de vie, tout en vivant votre r\u00eave de plong\u00e9e.<\/p>\n<p><b>Restaurants \u00e0 Koh Tao et vie nocturne<br \/>\n<\/b><\/p>\n<p>Manger au restaurant offre des possibilit\u00e9s infinies, avec un restaurant pour r\u00e9pondre \u00e0 tous vos besoins gustatifs. Avec des plats des quatre coins du monde, vos envies ne resteront pas sans r\u00e9ponse. Vous d\u00e9couvrirez que Koh Tao r\u00e9pond aux besoins de chacun avec des options v\u00e9g\u00e9taliennes, sans gluten et v\u00e9g\u00e9tariennes. Si vous avez besoin d\u2019une p\u00e9riode de transition avec votre alimentation de la nourriture occidentale et regarder des sports en direct, il existe une gamme de lieux \u00e0 choisir.<\/p>\n<p>\u00c9videmment, par-dessus tout, nous vous recommandons de prendre le temps d\u2019appr\u00e9cier la cuisine tha\u00eflandaise traditionnelle. La cuisine tha\u00eflandaise est extr\u00eamement savoureuse et Koh Tao propose de nombreuses options.<\/p>\n<p>Apr\u00e8s un d\u00e9licieux repas, profitez d\u2019une soir\u00e9e en ville\u2026 ou devrions-nous dire \u00eele. Les bars et les pubs sont faciles \u00e0 trouver quel que soit votre type de vie nocturne pr\u00e9f\u00e9r\u00e9. Asseyez-vous les pieds dans le sable et regardez le soleil se coucher tout en d\u00e9gustant une boisson rafra\u00eechissante. Si vous cherchez quelque chose d\u2019un peu plus optimiste, assistez \u00e0 un spectacle de feu ou \u00e0 de la musique live dans l\u2019un des nombreux bars donnant sur la plage.<\/p>\n<p>En ce qui concerne le shopping, vous trouverez un m\u00e9lange parfait de march\u00e9s tha\u00eflandais traditionnels et de boutiques occidentales. Il y a trois principales zones commer\u00e7antes sur l\u2019\u00eele, et vous verrez que chaque section a son propre style individuel et unique.<\/p>\n<p>N\u2019oubliez pas de vous d\u00e9tendre et de passer du temps dans l\u2019un des nombreux spas traditionnels ou occidentaux. On ne peut pas penser \u00e0 une meilleure fa\u00e7on de terminer la journ\u00e9e qu\u2019avec un massage relaxant sur la plage.<\/p>\n<p>Koh Tao est vraiment l\u2019\u00eele paradisiaque qui a tout, quel meilleur endroit \u00e0 visiter et \u00e0 devenir\u00a0<a href=\"https:\/\/idckohtao.com\/fr\/padi-instructor-development-course\/\">instructeur de plong\u00e9e PADI<\/a>.<\/p>\n<p><strong>Comment arriver \u00e0 Koh Tao<br \/>\n<\/strong><\/p>\n<p>Vivre dans un si bel endroit isol\u00e9 peut avoir ses inconv\u00e9nients, cependant, voyager \u00e0 Koh Tao n\u2019en fait pas partie.<\/p>\n<p>Rendez-vous \u00e0 un a\u00e9roport avec style gr\u00e2ce aux ferries \u00e0 grande vitesse qui offrent un voyage facile et confortable. Avec les a\u00e9roports de Koh Samui,\u00a0<a href=\"https:\/\/en.wikipedia.org\/wiki\/Surat_Thani_Province\" target=\"_blank\" rel=\"noopener\">Surat Thani et Chumphon<\/a>, vous constaterez que se rendre \u00e0 un a\u00e9roport n\u2019est qu\u2019\u00e0 deux heures de route.<\/p>\n<p>La compagnie de ferry Lomprayah offre l\u2019itin\u00e9raire le plus rapide vers et depuis l\u2019\u00eele, avec ses catamarans \u00e0 grande vitesse. Passez \u00e0 la section V.I.P pour un petit plus et d\u00e9tendez-vous apr\u00e8s une journ\u00e9e de voyage.<\/p>\n<p>Si vous nous indiquez de quelle partie de la Tha\u00eflande vous voyagez, notre partenaire de voyage \u00ab Island Travel Koh Tao \u00bb peut vous fournir une assistance directe sur toutes les routes entrantes vers Koh Tao. Laissez-nous faire le travail pour vous, afin que vous puissiez vous concentrer sur la pr\u00e9paration de votre nouvelle carri\u00e8re de Professionnel PADI.<\/p>\n<p>Veuillez nous envoyer un message maintenant avec vos demandes de voyage.[\/vc_column_text][\/vc_column][\/vc_row][vc_section][vc_row][vc_column][vc_custom_heading text=\u00a0\u00bbHoraires populaires des ferries entrants\u00a0\u00bb font_container=\u00a0\u00bbtag:h4|text_align:left\u00a0\u00bb use_theme_fonts=\u00a0\u00bbyes\u00a0\u00bb][\/vc_column][\/vc_row][vc_row][vc_column width=\u00a0\u00bb1\/2&Prime;][vc_column_text]<strong>Depuis Koh Samui<\/strong><br \/>\n08:00 11:15 12:30 &amp; 17:00 Lomprayah<br \/>\n08:00 13:00 &amp; 16:30 Seatran[\/vc_column_text][vc_column_text]<strong>Depuis Chumphon<\/strong><br \/>\n07:30 13:00 Lomprayah[\/vc_column_text][\/vc_column][vc_column width=\u00a0\u00bb1\/2&Prime;][vc_column_text]<strong>Depuis Koh Phangan<\/strong><br \/>\n08:30 13:00 17:30 Lomprayah<br \/>\n08:30 13:30 17:00 Seatran[\/vc_column_text][vc_column_text]<strong>Depuis Suratthani (jet\u00e9e de Donsak)<\/strong><br \/>\n10:10 16:00 Lomprayah<br \/>\n11:00 14:30 Seatran[\/vc_column_text][\/vc_column][\/vc_row][\/vc_section]<\/p>\n<\/div>","protected":false},"excerpt":{"rendered":"<p>[vc_row][vc_column][vc_column_text] Koh Tao \u2013 Le lieu de formation des plongeurs le plus populaire au monde Traduit comme \u00ab l\u2019\u00cele aux Tortues \u00bb, Koh Tao est une petite \u00eele tropicale situ\u00e9e au large de la c\u00f4te est de la Tha\u00eflande. Avec Koh Phangan et Koh Samui, Koh Tao fait partie de l\u2019archipel de Chumphon. Dans sa [&hellip;]<\/p>\n","protected":false},"author":1,"featured_media":5189,"parent":0,"menu_order":0,"comment_status":"closed","ping_status":"closed","template":"","meta":{"_acf_changed":false,"footnotes":""},"class_list":["post-3548","page","type-page","status-publish","has-post-thumbnail","hentry"],"acf":[],"yoast_head":"<!-- This site is optimized with the Yoast SEO Premium plugin v27.5 (Yoast SEO v27.5) - https:\/\/yoast.com\/product\/yoast-seo-premium-wordpress\/ -->\n<title>IDC Koh Tao | Un paradis tropical pour la plong\u00e9e sous-marine<\/title>\n<meta name=\"description\" content=\"PADI IDC Koh Tao en Tha\u00eflande est situ\u00e9 sur une belle \u00eele tropicale paradisiaque avec plong\u00e9e sous-marine toute l&#039;ann\u00e9e. Le centre de formation de plongeur num\u00e9ro un au monde dans les installations de formation Crystal Dive pour les aspirants professionnels de la plong\u00e9e sous-marine.\" \/>\n<meta name=\"robots\" content=\"index, follow, max-snippet:-1, max-image-preview:large, max-video-preview:-1\" \/>\n<link rel=\"canonical\" href=\"https:\/\/idckohtao.com\/fr\/why-choose-koh-tao\/\" \/>\n<meta property=\"og:locale\" content=\"fr_FR\" \/>\n<meta property=\"og:type\" content=\"article\" \/>\n<meta property=\"og:title\" content=\"IDC Koh Tao | Un paradis tropical pour la plong\u00e9e sous-marine\" \/>\n<meta property=\"og:description\" content=\"PADI IDC Koh Tao en Tha\u00eflande est situ\u00e9 sur une belle \u00eele tropicale paradisiaque avec plong\u00e9e sous-marine toute l&#039;ann\u00e9e. Le centre de formation de plongeur num\u00e9ro un au monde dans les installations de formation Crystal Dive pour les aspirants professionnels de la plong\u00e9e sous-marine.\" \/>\n<meta property=\"og:url\" content=\"https:\/\/idckohtao.com\/fr\/why-choose-koh-tao\/\" \/>\n<meta property=\"og:site_name\" content=\"IDC Koh Tao\" \/>\n<meta property=\"article:publisher\" content=\"https:\/\/www.facebook.com\/GoProIDCKohTao\" \/>\n<meta property=\"article:modified_time\" content=\"2023-09-28T06:36:38+00:00\" \/>\n<meta property=\"og:image\" content=\"https:\/\/idckohtao.com\/wp-content\/uploads\/2023\/08\/crystaldive.com-koh-tao-koh-nangyuan-island-dive-sites-1-1024x458.png\" \/>\n\t<meta property=\"og:image:width\" content=\"1024\" \/>\n\t<meta property=\"og:image:height\" content=\"458\" \/>\n\t<meta property=\"og:image:type\" content=\"image\/png\" \/>\n<meta name=\"twitter:card\" content=\"summary_large_image\" \/>\n<meta name=\"twitter:title\" content=\"IDC Koh Tao | Un paradis tropical pour la plong\u00e9e sous-marine\" \/>\n<meta name=\"twitter:description\" content=\"PADI IDC Koh Tao en Tha\u00eflande est situ\u00e9 sur une belle \u00eele tropicale paradisiaque avec plong\u00e9e sous-marine toute l&#039;ann\u00e9e. Le centre de formation de plongeur num\u00e9ro un au monde dans les installations de formation Crystal Dive pour les aspirants professionnels de la plong\u00e9e sous-marine.\" \/>\n<meta name=\"twitter:site\" content=\"@GoProIDCKohTao\" \/>\n<!-- \/ Yoast SEO Premium plugin. -->","yoast_head_json":{"title":"IDC Koh Tao | Un paradis tropical pour la plong\u00e9e sous-marine","description":"PADI IDC Koh Tao en Tha\u00eflande est situ\u00e9 sur une belle \u00eele tropicale paradisiaque avec plong\u00e9e sous-marine toute l'ann\u00e9e. Le centre de formation de plongeur num\u00e9ro un au monde dans les installations de formation Crystal Dive pour les aspirants professionnels de la plong\u00e9e sous-marine.","robots":{"index":"index","follow":"follow","max-snippet":"max-snippet:-1","max-image-preview":"max-image-preview:large","max-video-preview":"max-video-preview:-1"},"canonical":"https:\/\/idckohtao.com\/fr\/why-choose-koh-tao\/","og_locale":"fr_FR","og_type":"article","og_title":"IDC Koh Tao | Un paradis tropical pour la plong\u00e9e sous-marine","og_description":"PADI IDC Koh Tao en Tha\u00eflande est situ\u00e9 sur une belle \u00eele tropicale paradisiaque avec plong\u00e9e sous-marine toute l'ann\u00e9e. Le centre de formation de plongeur num\u00e9ro un au monde dans les installations de formation Crystal Dive pour les aspirants professionnels de la plong\u00e9e sous-marine.","og_url":"https:\/\/idckohtao.com\/fr\/why-choose-koh-tao\/","og_site_name":"IDC Koh Tao","article_publisher":"https:\/\/www.facebook.com\/GoProIDCKohTao","article_modified_time":"2023-09-28T06:36:38+00:00","og_image":[{"width":1024,"height":458,"url":"https:\/\/idckohtao.com\/wp-content\/uploads\/2023\/08\/crystaldive.com-koh-tao-koh-nangyuan-island-dive-sites-1-1024x458.png","type":"image\/png"}],"twitter_card":"summary_large_image","twitter_title":"IDC Koh Tao | Un paradis tropical pour la plong\u00e9e sous-marine","twitter_description":"PADI IDC Koh Tao en Tha\u00eflande est situ\u00e9 sur une belle \u00eele tropicale paradisiaque avec plong\u00e9e sous-marine toute l'ann\u00e9e. Le centre de formation de plongeur num\u00e9ro un au monde dans les installations de formation Crystal Dive pour les aspirants professionnels de la plong\u00e9e sous-marine.","twitter_site":"@GoProIDCKohTao","schema":{"@context":"https:\/\/schema.org","@graph":[{"@type":"NewsArticle","@id":"https:\/\/idckohtao.com\/fr\/why-choose-koh-tao\/#article","isPartOf":{"@id":"https:\/\/idckohtao.com\/fr\/why-choose-koh-tao\/"},"author":{"name":"ojasya","@id":"https:\/\/idckohtao.com\/fr\/#\/schema\/person\/d08d557cbfdbc171f824052dae697b02"},"headline":"Pourquoi Choisir Koh Tao","datePublished":"2023-08-10T08:54:07+00:00","dateModified":"2023-09-28T06:36:38+00:00","mainEntityOfPage":{"@id":"https:\/\/idckohtao.com\/fr\/why-choose-koh-tao\/"},"wordCount":1232,"publisher":{"@id":"https:\/\/idckohtao.com\/fr\/#organization"},"image":{"@id":"https:\/\/idckohtao.com\/fr\/why-choose-koh-tao\/#primaryimage"},"thumbnailUrl":"https:\/\/idckohtao.com\/wp-content\/uploads\/2023\/09\/idckohtao.com-koh-tao-best-location-in-the-world-for-learning-to-scuba-dive.jpeg","inLanguage":"fr-FR"},{"@type":"WebPage","@id":"https:\/\/idckohtao.com\/fr\/why-choose-koh-tao\/","url":"https:\/\/idckohtao.com\/fr\/why-choose-koh-tao\/","name":"IDC Koh Tao | Un paradis tropical pour la plong\u00e9e sous-marine","isPartOf":{"@id":"https:\/\/idckohtao.com\/fr\/#website"},"primaryImageOfPage":{"@id":"https:\/\/idckohtao.com\/fr\/why-choose-koh-tao\/#primaryimage"},"image":{"@id":"https:\/\/idckohtao.com\/fr\/why-choose-koh-tao\/#primaryimage"},"thumbnailUrl":"https:\/\/idckohtao.com\/wp-content\/uploads\/2023\/09\/idckohtao.com-koh-tao-best-location-in-the-world-for-learning-to-scuba-dive.jpeg","datePublished":"2023-08-10T08:54:07+00:00","dateModified":"2023-09-28T06:36:38+00:00","description":"PADI IDC Koh Tao en Tha\u00eflande est situ\u00e9 sur une belle \u00eele tropicale paradisiaque avec plong\u00e9e sous-marine toute l'ann\u00e9e. Le centre de formation de plongeur num\u00e9ro un au monde dans les installations de formation Crystal Dive pour les aspirants professionnels de la plong\u00e9e sous-marine.","breadcrumb":{"@id":"https:\/\/idckohtao.com\/fr\/why-choose-koh-tao\/#breadcrumb"},"inLanguage":"fr-FR","potentialAction":[{"@type":"ReadAction","target":["https:\/\/idckohtao.com\/fr\/why-choose-koh-tao\/"]}]},{"@type":"ImageObject","inLanguage":"fr-FR","@id":"https:\/\/idckohtao.com\/fr\/why-choose-koh-tao\/#primaryimage","url":"https:\/\/idckohtao.com\/wp-content\/uploads\/2023\/09\/idckohtao.com-koh-tao-best-location-in-the-world-for-learning-to-scuba-dive.jpeg","contentUrl":"https:\/\/idckohtao.com\/wp-content\/uploads\/2023\/09\/idckohtao.com-koh-tao-best-location-in-the-world-for-learning-to-scuba-dive.jpeg","width":1300,"height":731,"caption":"Aerial view of Beautiful Koh Tao island in Surat Thani, Thailand."},{"@type":"BreadcrumbList","@id":"https:\/\/idckohtao.com\/fr\/why-choose-koh-tao\/#breadcrumb","itemListElement":[{"@type":"ListItem","position":1,"name":"Home","item":"https:\/\/idckohtao.com\/fr\/"},{"@type":"ListItem","position":2,"name":"Pourquoi Choisir Koh Tao"}]},{"@type":"WebSite","@id":"https:\/\/idckohtao.com\/fr\/#website","url":"https:\/\/idckohtao.com\/fr\/","name":"IDC Koh Tao","description":"PADI IDC 5 Star Diving Center in Koh Tao - Thailand","publisher":{"@id":"https:\/\/idckohtao.com\/fr\/#organization"},"alternateName":"IDC Koh Tao in Thailand","potentialAction":[{"@type":"SearchAction","target":{"@type":"EntryPoint","urlTemplate":"https:\/\/idckohtao.com\/fr\/?s={search_term_string}"},"query-input":{"@type":"PropertyValueSpecification","valueRequired":true,"valueName":"search_term_string"}}],"inLanguage":"fr-FR"},{"@type":"Organization","@id":"https:\/\/idckohtao.com\/fr\/#organization","name":"IDC Koh Tao","alternateName":"IDC Koh Tao | Divemaster & Diving Instructor","url":"https:\/\/idckohtao.com\/fr\/","logo":{"@type":"ImageObject","inLanguage":"fr-FR","@id":"https:\/\/idckohtao.com\/fr\/#\/schema\/logo\/image\/","url":"https:\/\/idckohtao.com\/wp-content\/uploads\/2023\/09\/idckohtao.com-padi-diving-center-in-koh-tao-thailand.png","contentUrl":"https:\/\/idckohtao.com\/wp-content\/uploads\/2023\/09\/idckohtao.com-padi-diving-center-in-koh-tao-thailand.png","width":400,"height":300,"caption":"IDC Koh Tao"},"image":{"@id":"https:\/\/idckohtao.com\/fr\/#\/schema\/logo\/image\/"},"sameAs":["https:\/\/www.facebook.com\/GoProIDCKohTao","https:\/\/x.com\/GoProIDCKohTao","https:\/\/www.youtube.com\/idckohtao","https:\/\/www.instagram.com\/idc.kohtao\/"],"description":"IDC Koh Tao is a part of the Black Turtle Dive pro level training team with three PADI Course Directors being led by Award Winning PADI Course Director Matt Bolton. Our full range of pro and recreational PADI Diving Courses provides aspiring scuba divers with education, fun, excitement, adventure, and a change of lifestyle or an opportunity to pursue a new career.","email":"info@idckohtao.com","legalName":"IDC Koh Tao","foundingDate":"2004-01-04","numberOfEmployees":{"@type":"QuantitativeValue","minValue":"1","maxValue":"10"},"correctionsPolicy":"https:\/\/idckohtao.com\/privacy-policy\/","ethicsPolicy":"https:\/\/idckohtao.com\/terms\/"},{"@type":"Person","@id":"https:\/\/idckohtao.com\/fr\/#\/schema\/person\/d08d557cbfdbc171f824052dae697b02","name":"ojasya","image":{"@type":"ImageObject","inLanguage":"fr-FR","@id":"https:\/\/secure.gravatar.com\/avatar\/6fb34e36d09053a6545fc21d344613321bb1933f185132488f38052166f5a001?s=96&d=mm&r=g","url":"https:\/\/secure.gravatar.com\/avatar\/6fb34e36d09053a6545fc21d344613321bb1933f185132488f38052166f5a001?s=96&d=mm&r=g","contentUrl":"https:\/\/secure.gravatar.com\/avatar\/6fb34e36d09053a6545fc21d344613321bb1933f185132488f38052166f5a001?s=96&d=mm&r=g","caption":"ojasya"},"sameAs":["https:\/\/idckohtao.com"],"url":"https:\/\/idckohtao.com\/fr\/blog\/author\/ojasya\/"}]}},"_links":{"self":[{"href":"https:\/\/idckohtao.com\/fr\/wp-json\/wp\/v2\/pages\/3548","targetHints":{"allow":["GET"]}}],"collection":[{"href":"https:\/\/idckohtao.com\/fr\/wp-json\/wp\/v2\/pages"}],"about":[{"href":"https:\/\/idckohtao.com\/fr\/wp-json\/wp\/v2\/types\/page"}],"author":[{"embeddable":true,"href":"https:\/\/idckohtao.com\/fr\/wp-json\/wp\/v2\/users\/1"}],"replies":[{"embeddable":true,"href":"https:\/\/idckohtao.com\/fr\/wp-json\/wp\/v2\/comments?post=3548"}],"version-history":[{"count":0,"href":"https:\/\/idckohtao.com\/fr\/wp-json\/wp\/v2\/pages\/3548\/revisions"}],"wp:featuredmedia":[{"embeddable":true,"href":"https:\/\/idckohtao.com\/fr\/wp-json\/wp\/v2\/media\/5189"}],"wp:attachment":[{"href":"https:\/\/idckohtao.com\/fr\/wp-json\/wp\/v2\/media?parent=3548"}],"curies":[{"name":"wp","href":"https:\/\/api.w.org\/{rel}","templated":true}]}}