{"id":3560,"date":"2023-08-10T07:33:16","date_gmt":"2023-08-10T07:33:16","guid":{"rendered":"https:\/\/idckohtao.com\/why-choose-padi\/"},"modified":"2023-09-16T22:10:57","modified_gmt":"2023-09-16T22:10:57","slug":"why-choose-padi","status":"publish","type":"page","link":"https:\/\/idckohtao.com\/fr\/why-choose-padi\/","title":{"rendered":"Pourquoi choisir PADI?"},"content":{"rendered":"<h2>PADI \u2013 Leaders mondiaux de l\u2019\u00e9ducation des plongeurs depuis plus de 50 ans<\/h2>\n<p><b>Reconnaissance mondiale de la marque<br \/>\n<\/b><\/p>\n<p>La marque et le logo PADI sont reconnus dans le monde entier comme la repr\u00e9sentation des plongeurs partout dans le monde. Les professionnels PADI, les\u00a0<a href=\"https:\/\/www.padi.com\/padi-courses\/padi-course-catalog\" target=\"_blank\" rel=\"noopener\">cours PADI<\/a>\u00a0et le mat\u00e9riel p\u00e9dagogique PADI sont les n\u00e9cessit\u00e9s les plus recherch\u00e9es dans l\u2019industrie de la plong\u00e9e sous-marine.<\/p>\n<p>Les gens du monde entier se r\u00e9f\u00e8rent \u00e0 l\u2019apprentissage de la plong\u00e9e sous le nom de \u00ab\u00a0<a href=\"https:\/\/www.padi.com\/padi-courses\/open-water-diver\" target=\"_blank\" rel=\"noopener\">Obtenir mon PADI<\/a>\u00a0\u00bb. Si voyager \u00e0 travers le monde en tant que professionnel de la plong\u00e9e ressemble \u00e0 un r\u00eave devenu r\u00e9alit\u00e9, il est logique que vous choisissiez le meilleur. O\u00f9 que votre voyage vous m\u00e8ne, vous aurez toujours une famille avec PADI.<\/p>\n<p><b>\u00c9ducation bas\u00e9e sur la performance<br \/>\n<\/b><\/p>\n<p>Le syst\u00e8me PADI de formation des plongeurs est le syst\u00e8me le plus solide sur le plan p\u00e9dagogique de l\u2019industrie. Il cr\u00e9e une formation de plongeur qui est \u00e0 la fois agr\u00e9able et utile pour tous les niveaux de cours de formation.<\/p>\n<p>En tant qu\u2019instructeur PADI, vous pouvez \u00eatre assur\u00e9 que votre niveau de formation correspond aux normes les plus \u00e9lev\u00e9es de la plong\u00e9e sous-marine, soutenues par un syst\u00e8me de gestion de la qualit\u00e9 solide et proactif. Des technologies de pointe et des mod\u00e8les de formation ont \u00e9t\u00e9 utilis\u00e9s pour cr\u00e9er une grande vari\u00e9t\u00e9 de mat\u00e9riaux PADI.<\/p>\n<p>Vous pouvez vous sentir confiant en tant qu\u2019instructeur sachant que ces mat\u00e9riaux sont cr\u00e9\u00e9s avec l\u2019\u00e9tudiant plongeur toujours \u00e0 l\u2019esprit. Il existe des supports d\u2019\u00e9tude ind\u00e9pendants disponibles dans une vari\u00e9t\u00e9 de supports qui permettent aux \u00e9tudiants d\u2019apprendre de la mani\u00e8re qui leur convient le mieux.<\/p>\n<p>Qu\u2019il s\u2019agisse de lire sur la plong\u00e9e sur \u00e9pave dans le confort de votre propre chambre, ou de compl\u00e9ter\u00a0<a href=\"https:\/\/apps.padi.com\/scuba-diving\/elearning\/\" target=\"_blank\" rel=\"noopener\">l\u2019Open Water E-Learning<\/a>\u00a0dans l\u2019avion pour la Tha\u00eflande. Quels que soient vos besoins, le cours peut \u00eatre personnalis\u00e9 pour chaque client individuel.<\/p>\n<p>En plus du mat\u00e9riel \u00e9tudiant, PADI n\u2019a pas oubli\u00e9 les besoins de ceux qui enseignent. Les supports p\u00e9dagogiques vous aideront \u00e0 expliquer davantage les concepts importants et \u00e0 v\u00e9rifier la compr\u00e9hension.<\/p>\n<p>Pendant le\u00a0<a href=\"https:\/\/idckohtao.com\/fr\/padi-instructor-development-course\/\">d\u00e9veloppement de votre instructeur professionnel<\/a>, vous apprendrez \u00e0 utiliser efficacement le mat\u00e9riel et \u00e0 les appliquer \u00e0 votre propre style d\u2019enseignement. Avoir une base aussi incroyable sur laquelle baser vos cours vous permettra de passer plus de temps en dehors de la classe.<\/p>\n<p>La plus grande partie de la structure de tous les cours PADI est la flexibilit\u00e9. Vous verrez que les programmes sont bas\u00e9s sur la performance et centr\u00e9s sur l\u2019\u00e9l\u00e8ve. Cela vous permet d\u2019avoir confiance en vous et vos \u00e9l\u00e8ves b\u00e9n\u00e9ficieront de la meilleure formation possible.<\/p>\n<p>Chaque individu peut retirer quelque chose de diff\u00e9rent du cours et savoir qu\u2019il sortira avec un certificat reconnu dans le monde entier.<\/p>\n<p><b>Normes \u00e9ducatives de la meilleure qualit\u00e9<br \/>\n<\/b><\/p>\n<p>Tous les programmes PADI, du niveau d\u2019entr\u00e9e \u00e0 la formation professionnelle, sont soumis \u00e0 des normes \u00e9ducatives strictes. Ce crit\u00e8re est constamment contr\u00f4l\u00e9 pour la coh\u00e9rence et la qualit\u00e9 dans le monde entier.<\/p>\n<p>PADI adopte une approche proactive de la gestion de la qualit\u00e9 et interroge au hasard les plongeurs PADI, quel que soit le cours auquel ils ont choisi de s\u2019inscrire. Les questions sont l\u00e0 pour confirmer que les cours auxquels ils ont particip\u00e9 ont r\u00e9pondu aux normes \u00e9lev\u00e9es de PADI, ainsi qu\u2019aux attentes du plongeur.<\/p>\n<p>Ce faisant, PADI a veill\u00e9 \u00e0 ce que ses membres respectent les normes de formation qui leur ont \u00e9t\u00e9 fix\u00e9es. Les instructeurs peuvent \u00eatre fiers de leurs cours, tandis que les \u00e9tudiants auront confiance en ce qu\u2019ils ont appris. Aucune autre organisation de formation de plongeurs ne travaille plus dur pour maintenir ce niveau de fiabilit\u00e9 et d\u2019int\u00e9grit\u00e9 professionnelles.<\/p>\n<p><b>Conforme aux normes de l\u2019Organisation internationale de normalisation (ISO)<br \/>\n<\/b><\/p>\n<p>Les cours PADI sont certifi\u00e9s conformes aux normes ISO pour les services de plong\u00e9e r\u00e9cr\u00e9ative. Ceci est effectu\u00e9 par un auditeur ind\u00e9pendant, la F\u00e9d\u00e9ration europ\u00e9enne des eaux sous-marines et l\u2019Institut autrichien de normalisation.<\/p>\n<p>Faire partie d\u2019une telle organisation mondiale met vraiment en valeur l\u2019intention du nom PADI et tout ce qu\u2019il repr\u00e9sente.<\/p>\n<p><b>Service \u00e0 la client\u00e8le et soutien aux entreprises<br \/>\n<\/b><\/p>\n<p>En tant que membre PADI-Pro, vous recevrez un niveau de support in\u00e9gal\u00e9. En mati\u00e8re de service client et de conseil aux entreprises, aucune autre agence ne peut rivaliser. Avec le plus grand personnel de directeurs r\u00e9gionaux et de consultants commerciaux sp\u00e9cialis\u00e9s, vous b\u00e9n\u00e9ficierez d\u2019une attention personnalis\u00e9e des meilleurs secteurs.<\/p>\n<p>Il y a des\u00a0<a href=\"https:\/\/www.padi.com\/about-padi\/frequently-asked-questions\" target=\"_blank\" rel=\"noopener\">\u00e9quipes d\u00e9di\u00e9es au service client<\/a>\u00a0au si\u00e8ge r\u00e9gional de PADI qui se concentrent sur la fourniture de conseils, de recommandations et de soins. Tous les directeurs r\u00e9gionaux (RM) PADI travaillent dans l\u2019industrie de la plong\u00e9e depuis de nombreuses ann\u00e9es. Ils connaissent bien les programmes et produits de formation PADI, plusieurs d\u2019entre eux ayant d\u00e9j\u00e0 poss\u00e9d\u00e9 ou g\u00e9r\u00e9 des magasins de plong\u00e9e. La pr\u00e9sence de cette \u00e9quipe d\u2019experts est une ressource pr\u00e9cieuse.<\/p>\n<p><img decoding=\"async\" class=\"alignnone wp-image-794 size-large\" src=\"https:\/\/idckohtao.com\/wp-content\/uploads\/2023\/08\/padi-idc-koh-tao-confined-water-presentation-1024x576.jpg\" alt=\"padi-idc-koh-tao-confined-water-presentation\" width=\"1024\" height=\"576\" srcset=\"https:\/\/idckohtao.com\/wp-content\/uploads\/2023\/08\/padi-idc-koh-tao-confined-water-presentation-1024x576.jpg 1024w, https:\/\/idckohtao.com\/wp-content\/uploads\/2023\/08\/padi-idc-koh-tao-confined-water-presentation-300x169.jpg 300w, https:\/\/idckohtao.com\/wp-content\/uploads\/2023\/08\/padi-idc-koh-tao-confined-water-presentation-768x432.jpg 768w, https:\/\/idckohtao.com\/wp-content\/uploads\/2023\/08\/padi-idc-koh-tao-confined-water-presentation.jpg 1080w\" sizes=\"(max-width: 1024px) 100vw, 1024px\" \/><\/p>\n<p><b>Gestion des risques et assurance<br \/>\n<\/b><\/p>\n<p>PADI est la seule organisation \u00e0 fournir une \u00e9quipe interne de gestion des risques \u00e0 temps plein. Les membres du personnel sont l\u00e0 pour vous aider \u00e0 \u00e9valuer les pratiques commerciales, les techniques d\u2019enseignement et la prise de d\u00e9cision prudente.<\/p>\n<p>Cela contribuera \u00e0 am\u00e9liorer la s\u00e9curit\u00e9 et le plaisir de vos clients tout en g\u00e9rant vos propres risques. Que ce soit pour vous accompagner dans l\u2019\u00e9laboration de formulaires de prise en charge des risques ou pour vous assister en cas d\u2019incident, l\u2019\u00e9quipe de gestion des risques est toujours disponible.<\/p>\n<p>En tant que membre professionnel PADI, vous avez acc\u00e8s aux\u00a0<a href=\"https:\/\/www.diversalertnetwork.org\/insurance\/\" target=\"_blank\" rel=\"noopener\">programmes d\u2019assurance les plus complets<\/a>\u00a0de l\u2019industrie de la plong\u00e9e. Ces programmes offrent une couverture sp\u00e9cialis\u00e9e pour les centres de plong\u00e9e, les stations de plong\u00e9e, les bateaux de plong\u00e9e et les instructeurs de plong\u00e9e.<\/p>\n<p>La confiance qui vient du fait que vous ayez derri\u00e8re vous l\u2019\u00e9quipe de d\u00e9fense juridique la plus solide et la plus performante du secteur est inestimable. PADI compte tenu de sa taille a le pouvoir de repr\u00e9senter les int\u00e9r\u00eats de la plong\u00e9e et de l\u2019environnement face \u00e0 la l\u00e9gislation ou la r\u00e9glementation.<\/p>\n<p>Nous savons que, aussi s\u00fbr que puisse \u00eatre la plong\u00e9e sous-marine, il y a toujours un risque. Prot\u00e9gez-vous avec les meilleurs et ne vous contentez de rien de moins.<\/p>\n<p><b>G\u00e9rance de l\u2019environnement<\/b><\/p>\n<p>En tant que leader mondial de l\u2019\u00e9ducation des plongeurs, l\u2019organisation PADI prend au s\u00e9rieux son r\u00f4le de g\u00e9rance de l\u2019environnement. En partenariat avec\u00a0<a href=\"http:\/\/www.projectaware.org\/\" target=\"_blank\" rel=\"noopener\">Project AWARE<\/a>, les bureaux PADI, les membres et les plongeurs PADI donnent du temps et des ressources pour aider \u00e0 prot\u00e9ger le monde sous-marin. Les plongeurs sont \u00e9duqu\u00e9s sur la fa\u00e7on de prendre soin de nos ressources oc\u00e9aniques et sur la fa\u00e7on de mettre en \u0153uvre un changement durable.<\/p>\n<p>Sans un si grand podium, il est beaucoup plus difficile de se faire entendre. Project AWARE fournit une plate-forme mondiale sur laquelle se tenir et passer le mot. Ils ont cr\u00e9\u00e9 du mat\u00e9riel \u00e9ducatif, des sp\u00e9cialit\u00e9s et une image de marque pour aider \u00e0 cr\u00e9er des ambassadeurs sous-marins. Il est d\u00e9j\u00e0 assez difficile de faire un changement, mais avec PADI \u00e0 vos c\u00f4t\u00e9s, les possibilit\u00e9s sont infinies.<\/p>\n<p>Un oc\u00e9an sain est essentiel non seulement pour nos moyens de subsistance, mais aussi pour la vie des g\u00e9n\u00e9rations futures. Utilisez le nom PADI pour vous renseigner ainsi que vos futurs plongeurs. Vivez le r\u00eave et encouragez les autres \u00e0 faire de m\u00eame. Unis, nous pouvons faire la diff\u00e9rence.<\/p>\n","protected":false},"excerpt":{"rendered":"<p>PADI \u2013 Leaders mondiaux de l\u2019\u00e9ducation des plongeurs depuis plus de 50 ans Reconnaissance mondiale de la marque La marque et le logo PADI sont reconnus dans le monde entier comme la repr\u00e9sentation des plongeurs partout dans le monde. Les professionnels PADI, les\u00a0cours PADI\u00a0et le mat\u00e9riel p\u00e9dagogique PADI sont les n\u00e9cessit\u00e9s les plus recherch\u00e9es dans [&hellip;]<\/p>\n","protected":false},"author":1,"featured_media":5220,"parent":0,"menu_order":0,"comment_status":"closed","ping_status":"closed","template":"","meta":{"_acf_changed":false,"footnotes":""},"class_list":["post-3560","page","type-page","status-publish","has-post-thumbnail","hentry"],"acf":[],"yoast_head":"<!-- This site is optimized with the Yoast SEO Premium plugin v27.5 (Yoast SEO v27.5) - https:\/\/yoast.com\/product\/yoast-seo-premium-wordpress\/ -->\n<title>IDC Koh Tao | Choisissez PADI pour votre cours d&#039;instructeur de plong\u00e9e<\/title>\n<meta name=\"description\" content=\"IDC Koh Tao est l&#039;un des principaux centres de plong\u00e9e PADI de niveau professionnel en Asie du Pacifique. Un centre de d\u00e9veloppement de carri\u00e8re 5 \u00e9toiles prim\u00e9 qui offre les plus hauts standards de formation des plongeurs. PADI est le leader mondial de l&#039;\u00e9ducation des plongeurs et est \u00e9tabli depuis plus de 50 ans.\" \/>\n<meta name=\"robots\" content=\"index, follow, max-snippet:-1, max-image-preview:large, max-video-preview:-1\" \/>\n<link rel=\"canonical\" href=\"https:\/\/idckohtao.com\/fr\/why-choose-padi\/\" \/>\n<meta property=\"og:locale\" content=\"fr_FR\" \/>\n<meta property=\"og:type\" content=\"article\" \/>\n<meta property=\"og:title\" content=\"IDC Koh Tao | Choisissez PADI pour votre cours d&#039;instructeur de plong\u00e9e\" \/>\n<meta property=\"og:description\" content=\"IDC Koh Tao est l&#039;un des principaux centres de plong\u00e9e PADI de niveau professionnel en Asie du Pacifique. Un centre de d\u00e9veloppement de carri\u00e8re 5 \u00e9toiles prim\u00e9 qui offre les plus hauts standards de formation des plongeurs. PADI est le leader mondial de l&#039;\u00e9ducation des plongeurs et est \u00e9tabli depuis plus de 50 ans.\" \/>\n<meta property=\"og:url\" content=\"https:\/\/idckohtao.com\/fr\/why-choose-padi\/\" \/>\n<meta property=\"og:site_name\" content=\"IDC Koh Tao\" \/>\n<meta property=\"article:publisher\" content=\"https:\/\/www.facebook.com\/GoProIDCKohTao\" \/>\n<meta property=\"article:modified_time\" content=\"2023-09-16T22:10:57+00:00\" \/>\n<meta property=\"og:image\" content=\"https:\/\/idckohtao.com\/wp-content\/uploads\/2023\/09\/idckohtao.com-diver-instructor-course-in-thailand.jpeg\" \/>\n\t<meta property=\"og:image:width\" content=\"1200\" \/>\n\t<meta property=\"og:image:height\" content=\"900\" \/>\n\t<meta property=\"og:image:type\" content=\"image\/jpeg\" \/>\n<meta name=\"twitter:card\" content=\"summary_large_image\" \/>\n<meta name=\"twitter:title\" content=\"IDC Koh Tao | Choisissez PADI pour votre cours d&#039;instructeur de plong\u00e9e\" \/>\n<meta name=\"twitter:description\" content=\"IDC Koh Tao est l&#039;un des principaux centres de plong\u00e9e PADI de niveau professionnel en Asie du Pacifique. Un centre de d\u00e9veloppement de carri\u00e8re 5 \u00e9toiles prim\u00e9 qui offre les plus hauts standards de formation des plongeurs. PADI est le leader mondial de l&#039;\u00e9ducation des plongeurs et est \u00e9tabli depuis plus de 50 ans.\" \/>\n<meta name=\"twitter:site\" content=\"@GoProIDCKohTao\" \/>\n<!-- \/ Yoast SEO Premium plugin. -->","yoast_head_json":{"title":"IDC Koh Tao | Choisissez PADI pour votre cours d&#039;instructeur de plong\u00e9e","description":"IDC Koh Tao est l&#039;un des principaux centres de plong\u00e9e PADI de niveau professionnel en Asie du Pacifique. Un centre de d\u00e9veloppement de carri\u00e8re 5 \u00e9toiles prim\u00e9 qui offre les plus hauts standards de formation des plongeurs. PADI est le leader mondial de l&#039;\u00e9ducation des plongeurs et est \u00e9tabli depuis plus de 50 ans.","robots":{"index":"index","follow":"follow","max-snippet":"max-snippet:-1","max-image-preview":"max-image-preview:large","max-video-preview":"max-video-preview:-1"},"canonical":"https:\/\/idckohtao.com\/fr\/why-choose-padi\/","og_locale":"fr_FR","og_type":"article","og_title":"IDC Koh Tao | Choisissez PADI pour votre cours d&#039;instructeur de plong\u00e9e","og_description":"IDC Koh Tao est l&#039;un des principaux centres de plong\u00e9e PADI de niveau professionnel en Asie du Pacifique. Un centre de d\u00e9veloppement de carri\u00e8re 5 \u00e9toiles prim\u00e9 qui offre les plus hauts standards de formation des plongeurs. PADI est le leader mondial de l&#039;\u00e9ducation des plongeurs et est \u00e9tabli depuis plus de 50 ans.","og_url":"https:\/\/idckohtao.com\/fr\/why-choose-padi\/","og_site_name":"IDC Koh Tao","article_publisher":"https:\/\/www.facebook.com\/GoProIDCKohTao","article_modified_time":"2023-09-16T22:10:57+00:00","og_image":[{"width":1200,"height":900,"url":"https:\/\/idckohtao.com\/wp-content\/uploads\/2023\/09\/idckohtao.com-diver-instructor-course-in-thailand.jpeg","type":"image\/jpeg"}],"twitter_card":"summary_large_image","twitter_title":"IDC Koh Tao | Choisissez PADI pour votre cours d&#039;instructeur de plong\u00e9e","twitter_description":"IDC Koh Tao est l&#039;un des principaux centres de plong\u00e9e PADI de niveau professionnel en Asie du Pacifique. Un centre de d\u00e9veloppement de carri\u00e8re 5 \u00e9toiles prim\u00e9 qui offre les plus hauts standards de formation des plongeurs. PADI est le leader mondial de l&#039;\u00e9ducation des plongeurs et est \u00e9tabli depuis plus de 50 ans.","twitter_site":"@GoProIDCKohTao","schema":{"@context":"https:\/\/schema.org","@graph":[{"@type":"NewsArticle","@id":"https:\/\/idckohtao.com\/fr\/why-choose-padi\/#article","isPartOf":{"@id":"https:\/\/idckohtao.com\/fr\/why-choose-padi\/"},"author":{"name":"ojasya","@id":"https:\/\/idckohtao.com\/fr\/#\/schema\/person\/d08d557cbfdbc171f824052dae697b02"},"headline":"Pourquoi choisir PADI?","datePublished":"2023-08-10T07:33:16+00:00","dateModified":"2023-09-16T22:10:57+00:00","mainEntityOfPage":{"@id":"https:\/\/idckohtao.com\/fr\/why-choose-padi\/"},"wordCount":1363,"publisher":{"@id":"https:\/\/idckohtao.com\/fr\/#organization"},"image":{"@id":"https:\/\/idckohtao.com\/fr\/why-choose-padi\/#primaryimage"},"thumbnailUrl":"https:\/\/idckohtao.com\/wp-content\/uploads\/2023\/09\/idckohtao.com-diver-instructor-course-in-thailand.jpeg","inLanguage":"fr-FR"},{"@type":"WebPage","@id":"https:\/\/idckohtao.com\/fr\/why-choose-padi\/","url":"https:\/\/idckohtao.com\/fr\/why-choose-padi\/","name":"IDC Koh Tao | Choisissez PADI pour votre cours d&#039;instructeur de plong\u00e9e","isPartOf":{"@id":"https:\/\/idckohtao.com\/fr\/#website"},"primaryImageOfPage":{"@id":"https:\/\/idckohtao.com\/fr\/why-choose-padi\/#primaryimage"},"image":{"@id":"https:\/\/idckohtao.com\/fr\/why-choose-padi\/#primaryimage"},"thumbnailUrl":"https:\/\/idckohtao.com\/wp-content\/uploads\/2023\/09\/idckohtao.com-diver-instructor-course-in-thailand.jpeg","datePublished":"2023-08-10T07:33:16+00:00","dateModified":"2023-09-16T22:10:57+00:00","description":"IDC Koh Tao est l&#039;un des principaux centres de plong\u00e9e PADI de niveau professionnel en Asie du Pacifique. Un centre de d\u00e9veloppement de carri\u00e8re 5 \u00e9toiles prim\u00e9 qui offre les plus hauts standards de formation des plongeurs. PADI est le leader mondial de l&#039;\u00e9ducation des plongeurs et est \u00e9tabli depuis plus de 50 ans.","breadcrumb":{"@id":"https:\/\/idckohtao.com\/fr\/why-choose-padi\/#breadcrumb"},"inLanguage":"fr-FR","potentialAction":[{"@type":"ReadAction","target":["https:\/\/idckohtao.com\/fr\/why-choose-padi\/"]}]},{"@type":"ImageObject","inLanguage":"fr-FR","@id":"https:\/\/idckohtao.com\/fr\/why-choose-padi\/#primaryimage","url":"https:\/\/idckohtao.com\/wp-content\/uploads\/2023\/09\/idckohtao.com-diver-instructor-course-in-thailand.jpeg","contentUrl":"https:\/\/idckohtao.com\/wp-content\/uploads\/2023\/09\/idckohtao.com-diver-instructor-course-in-thailand.jpeg","width":1200,"height":900,"caption":"PADI IDC Confined Water"},{"@type":"BreadcrumbList","@id":"https:\/\/idckohtao.com\/fr\/why-choose-padi\/#breadcrumb","itemListElement":[{"@type":"ListItem","position":1,"name":"Home","item":"https:\/\/idckohtao.com\/fr\/"},{"@type":"ListItem","position":2,"name":"Pourquoi choisir PADI?"}]},{"@type":"WebSite","@id":"https:\/\/idckohtao.com\/fr\/#website","url":"https:\/\/idckohtao.com\/fr\/","name":"IDC Koh Tao","description":"PADI IDC 5 Star Diving Center in Koh Tao - Thailand","publisher":{"@id":"https:\/\/idckohtao.com\/fr\/#organization"},"alternateName":"IDC Koh Tao in Thailand","potentialAction":[{"@type":"SearchAction","target":{"@type":"EntryPoint","urlTemplate":"https:\/\/idckohtao.com\/fr\/?s={search_term_string}"},"query-input":{"@type":"PropertyValueSpecification","valueRequired":true,"valueName":"search_term_string"}}],"inLanguage":"fr-FR"},{"@type":"Organization","@id":"https:\/\/idckohtao.com\/fr\/#organization","name":"IDC Koh Tao","alternateName":"IDC Koh Tao | Divemaster & Diving Instructor","url":"https:\/\/idckohtao.com\/fr\/","logo":{"@type":"ImageObject","inLanguage":"fr-FR","@id":"https:\/\/idckohtao.com\/fr\/#\/schema\/logo\/image\/","url":"https:\/\/idckohtao.com\/wp-content\/uploads\/2023\/09\/idckohtao.com-padi-diving-center-in-koh-tao-thailand.png","contentUrl":"https:\/\/idckohtao.com\/wp-content\/uploads\/2023\/09\/idckohtao.com-padi-diving-center-in-koh-tao-thailand.png","width":400,"height":300,"caption":"IDC Koh Tao"},"image":{"@id":"https:\/\/idckohtao.com\/fr\/#\/schema\/logo\/image\/"},"sameAs":["https:\/\/www.facebook.com\/GoProIDCKohTao","https:\/\/x.com\/GoProIDCKohTao","https:\/\/www.youtube.com\/idckohtao","https:\/\/www.instagram.com\/idc.kohtao\/"],"description":"IDC Koh Tao is a part of the Black Turtle Dive pro level training team with three PADI Course Directors being led by Award Winning PADI Course Director Matt Bolton. Our full range of pro and recreational PADI Diving Courses provides aspiring scuba divers with education, fun, excitement, adventure, and a change of lifestyle or an opportunity to pursue a new career.","email":"info@idckohtao.com","legalName":"IDC Koh Tao","foundingDate":"2004-01-04","numberOfEmployees":{"@type":"QuantitativeValue","minValue":"1","maxValue":"10"},"correctionsPolicy":"https:\/\/idckohtao.com\/privacy-policy\/","ethicsPolicy":"https:\/\/idckohtao.com\/terms\/"},{"@type":"Person","@id":"https:\/\/idckohtao.com\/fr\/#\/schema\/person\/d08d557cbfdbc171f824052dae697b02","name":"ojasya","image":{"@type":"ImageObject","inLanguage":"fr-FR","@id":"https:\/\/secure.gravatar.com\/avatar\/6fb34e36d09053a6545fc21d344613321bb1933f185132488f38052166f5a001?s=96&d=mm&r=g","url":"https:\/\/secure.gravatar.com\/avatar\/6fb34e36d09053a6545fc21d344613321bb1933f185132488f38052166f5a001?s=96&d=mm&r=g","contentUrl":"https:\/\/secure.gravatar.com\/avatar\/6fb34e36d09053a6545fc21d344613321bb1933f185132488f38052166f5a001?s=96&d=mm&r=g","caption":"ojasya"},"sameAs":["https:\/\/idckohtao.com"],"url":"https:\/\/idckohtao.com\/fr\/blog\/author\/ojasya\/"}]}},"_links":{"self":[{"href":"https:\/\/idckohtao.com\/fr\/wp-json\/wp\/v2\/pages\/3560","targetHints":{"allow":["GET"]}}],"collection":[{"href":"https:\/\/idckohtao.com\/fr\/wp-json\/wp\/v2\/pages"}],"about":[{"href":"https:\/\/idckohtao.com\/fr\/wp-json\/wp\/v2\/types\/page"}],"author":[{"embeddable":true,"href":"https:\/\/idckohtao.com\/fr\/wp-json\/wp\/v2\/users\/1"}],"replies":[{"embeddable":true,"href":"https:\/\/idckohtao.com\/fr\/wp-json\/wp\/v2\/comments?post=3560"}],"version-history":[{"count":0,"href":"https:\/\/idckohtao.com\/fr\/wp-json\/wp\/v2\/pages\/3560\/revisions"}],"wp:featuredmedia":[{"embeddable":true,"href":"https:\/\/idckohtao.com\/fr\/wp-json\/wp\/v2\/media\/5220"}],"wp:attachment":[{"href":"https:\/\/idckohtao.com\/fr\/wp-json\/wp\/v2\/media?parent=3560"}],"curies":[{"name":"wp","href":"https:\/\/api.w.org\/{rel}","templated":true}]}}