{"id":3563,"date":"2023-08-10T10:25:26","date_gmt":"2023-08-10T10:25:26","guid":{"rendered":"https:\/\/idckohtao.com\/wreck-instructor-specialty\/"},"modified":"2026-01-01T10:02:09","modified_gmt":"2026-01-01T10:02:09","slug":"wreck-instructor-specialty","status":"publish","type":"page","link":"https:\/\/idckohtao.com\/fr\/pro-level-courses\/wreck-instructor-specialty\/","title":{"rendered":"Sp\u00e9cialit\u00e9 D&rsquo;instructeur \u00c9pave"},"content":{"rendered":"<div class=\"wpb-content-wrapper\"><p>[vc_row][vc_column][vc_column_text css=\u00a0\u00bb\u00a0\u00bb]<\/p>\n<h2>Cours d\u2019instructeur sp\u00e9cialis\u00e9 PADI, Koh Tao, Tha\u00eflande<\/h2>\n<p>La plong\u00e9e ne consiste pas seulement \u00e0 nager autour de magnifiques r\u00e9cifs coralliens. Navires, avions et m\u00eame voitures gisent au fond de la mer en attendant d\u2019\u00eatre explor\u00e9s. En tant qu\u2019instructeur sp\u00e9cialis\u00e9 dans les \u00e9paves PADI, vous serez en mesure d\u2019enseigner aux \u00e9l\u00e8ves comment naviguer et explorer les \u00e9paves en toute s\u00e9curit\u00e9, notamment en utilisant des lignes de p\u00e9n\u00e9tration pour p\u00e9n\u00e9trer \u00e0 l\u2019int\u00e9rieur.<\/p>\n<p><b>Plong\u00e9e sur \u00e9pave autour de Koh Tao<br \/>\n<\/b><\/p>\n<p>L\u2019ancien navire de la marine am\u00e9ricaine\u00a0<strong>HTMS Sattakut<\/strong>\u00a0a \u00e9t\u00e9 donn\u00e9 \u00e0 Koh Tao et coul\u00e9 en 2011. Allong\u00e9 \u00e0 30 m\u00e8tres de profondeur, c\u2019est l\u2019\u00e9pave parfaite pour terminer les plong\u00e9es d\u2019entra\u00eenement. Avec des canons \u00e0 l\u2019avant et \u00e0 l\u2019arri\u00e8re et une abondance de vie marine \u00e0 l\u2019int\u00e9rieur et \u00e0 l\u2019ext\u00e9rieur, le HTMS Sattakut offre une excellente exp\u00e9rience de formation pour les plongeurs d\u00e9butants et avanc\u00e9s.<\/p>\n<p><b>Qui peut s\u2019inscrire au cours Instructeur plong\u00e9e sur \u00e9pave PADI?<\/b><\/p>\n<p>Un\u00a0<a href=\"https:\/\/idckohtao.com\/fr\/pro-level-courses\/padi-instructor-development-course\/\">Instructeur PADI (OWSI)<\/a>\u00a0renouvel\u00e9<\/p>\n<p>Remarque: Les candidats IDC \/ OWSI peuvent participer au cours de formation d\u2019instructeur sp\u00e9cialis\u00e9 PADI Wreck mais ne peuvent demander la certification d\u2019instructeur sp\u00e9cialis\u00e9 qu\u2019apr\u00e8s avoir r\u00e9ussi l\u2019examen pour instructeur (IE).<\/p>\n<p>Les instructeurs sp\u00e9cialis\u00e9s en \u00e9paves doivent avoir effectu\u00e9 au moins 10 plong\u00e9es sur \u00e9pave avant la certification. Il s\u2019agit d\u2019une condition de sortie de cours et les plong\u00e9es peuvent \u00eatre effectu\u00e9es apr\u00e8s le cours de formation d\u2019instructeur.<\/p>\n<p><img decoding=\"async\" class=\"alignnone wp-image-877 size-large\" src=\"https:\/\/idckohtao.com\/wp-content\/uploads\/2023\/08\/idc-ko-tao-wreck-specialty-msdt-training-1024x768.jpg\" alt=\"idc-ko-tao-wreck-specialty-msdt-training\" width=\"1024\" height=\"768\" srcset=\"https:\/\/idckohtao.com\/wp-content\/uploads\/2023\/08\/idc-ko-tao-wreck-specialty-msdt-training-1024x768.jpg 1024w, https:\/\/idckohtao.com\/wp-content\/uploads\/2023\/08\/idc-ko-tao-wreck-specialty-msdt-training-300x225.jpg 300w, https:\/\/idckohtao.com\/wp-content\/uploads\/2023\/08\/idc-ko-tao-wreck-specialty-msdt-training-768x576.jpg 768w, https:\/\/idckohtao.com\/wp-content\/uploads\/2023\/08\/idc-ko-tao-wreck-specialty-msdt-training.jpg 1080w\" sizes=\"(max-width: 1024px) 100vw, 1024px\" \/><\/p>\n<p><b>Qu\u2019allez-vous apprendre?<\/b><\/p>\n<p>Vous participerez aux sessions suivantes:<\/p>\n<ul>\n<li>Pr\u00e9senter et \u00eatre \u00e9valu\u00e9 sur une pr\u00e9sentation normative de la r\u00e9vision des connaissances de la sp\u00e9cialit\u00e9 plong\u00e9e sur \u00e9pave<\/li>\n<li>Normes, proc\u00e9dures et programme d\u2019\u00e9tudes de la sp\u00e9cialit\u00e9 plong\u00e9e sur \u00e9pave PADI<\/li>\n<li>Comment organiser, diriger et commercialiser le cours de sp\u00e9cialit\u00e9 plong\u00e9e sur \u00e9pave PADI<\/li>\n<li>Sessions de formation en eau libre \u2013 o\u00f9 vous apprendrez \u00e0 d\u00e9montrer, ex\u00e9cuter et \u00e9valuer les comp\u00e9tences de niveau \u00e9tudiant du cours de sp\u00e9cialit\u00e9 plong\u00e9e sur \u00e9pave PADI<\/li>\n<\/ul>\n<p>Vous terminerez les plong\u00e9es de formation en eau libre sur le HTMS Sattakut.<\/p>\n<p>En tant qu\u2019instructeur de sp\u00e9cialit\u00e9 plong\u00e9e sur \u00e9pave PADI, vous \u00eates certifi\u00e9 pour enseigner ind\u00e9pendamment le <strong>cours de sp\u00e9cialit\u00e9 plong\u00e9e sur \u00e9pave PADI<\/strong>.[\/vc_column_text]<div class=\"text-left\"><div class=\"bt-course-price\"><h4>Prix du cours: 4,000 THB<\/h4><a href=\"https:\/\/idckohtao.com\/fr\/packages-prices\" class=\"button\">R\u00c9SERVATION EN LIGNE<\/a><\/div><\/div>[vc_column_text]<b>Mat\u00e9riaux PADI:<\/b><\/p>\n<p><i>Veuillez apporter le mat\u00e9riel suivant avec votre manuel d\u2019instructeur de cours de sp\u00e9cialit\u00e9 PADI. Vous les avez re\u00e7ues dans le cadre du \u2018IDC Crewpack\u2019 pendant votre IDC.- Manuel de l\u2019instructeur des cours de sp\u00e9cialit\u00e9 PADI (CD-Rom)<br \/>\n<\/i><\/p>\n<p>De plus, vous aurez besoin d\u2019une copie du manuel de l\u2019instructeur PADI. Depuis 2010, le manuel de l\u2019instructeur est disponible en t\u00e9l\u00e9chargement gratuit pour tous les membres PADI renouvel\u00e9s sur\u00a0<a href=\"https:\/\/www.padi.com\/mypadi\/\" target=\"_blank\" rel=\"noopener\">www.padi.com\/mypadi<\/a><\/p>\n<p><b>PADI Fees \u00a0<\/b><\/p>\n<p>PADI Wreck Specialty Instructor Application fee:\u00a0<b>AUD$ 145<\/b>[\/vc_column_text][\/vc_column][\/vc_row]<\/p>\n<\/div>","protected":false},"excerpt":{"rendered":"<p>[vc_row][vc_column][vc_column_text css=\u00a0\u00bb\u00a0\u00bb] Cours d\u2019instructeur sp\u00e9cialis\u00e9 PADI, Koh Tao, Tha\u00eflande La plong\u00e9e ne consiste pas seulement \u00e0 nager autour de magnifiques r\u00e9cifs coralliens. Navires, avions et m\u00eame voitures gisent au fond de la mer en attendant d\u2019\u00eatre explor\u00e9s. En tant qu\u2019instructeur sp\u00e9cialis\u00e9 dans les \u00e9paves PADI, vous serez en mesure d\u2019enseigner aux \u00e9l\u00e8ves comment naviguer et [&hellip;]<\/p>\n","protected":false},"author":1,"featured_media":4604,"parent":7934,"menu_order":0,"comment_status":"closed","ping_status":"closed","template":"","meta":{"_acf_changed":false,"footnotes":""},"class_list":["post-3563","page","type-page","status-publish","has-post-thumbnail","hentry"],"acf":[],"yoast_head":"<!-- This site is optimized with the Yoast SEO Premium plugin v27.5 (Yoast SEO v27.5) - https:\/\/yoast.com\/product\/yoast-seo-premium-wordpress\/ -->\n<title>Cours d&#039;instructeur sp\u00e9cialis\u00e9 MSDT PADI \u00e9pave<\/title>\n<meta name=\"description\" content=\"Notre cours d&#039;instructeur sp\u00e9cialis\u00e9 sur les \u00e9paves PADI \u00e0 Koh Tao vous certifie en tant qu&#039;instructeur sp\u00e9cialis\u00e9 sur les \u00e9paves qui peut enseigner aux \u00e9tudiants comment explorer les \u00e9paves en toute s\u00e9curit\u00e9\" \/>\n<meta name=\"robots\" content=\"index, follow, max-snippet:-1, max-image-preview:large, max-video-preview:-1\" \/>\n<link rel=\"canonical\" href=\"https:\/\/idckohtao.com\/fr\/pro-level-courses\/wreck-instructor-specialty\/\" \/>\n<meta property=\"og:locale\" content=\"fr_FR\" \/>\n<meta property=\"og:type\" content=\"article\" \/>\n<meta property=\"og:title\" content=\"IDC Koh Tao | Cours d&#039;instructeur sp\u00e9cialis\u00e9 MSDT PADI \u00e9pave\" \/>\n<meta property=\"og:description\" content=\"Notre cours d&#039;instructeur sp\u00e9cialis\u00e9 sur les \u00e9paves PADI \u00e0 Koh Tao vous certifie en tant qu&#039;instructeur sp\u00e9cialis\u00e9 sur les \u00e9paves qui peut enseigner aux \u00e9tudiants comment explorer les \u00e9paves en toute s\u00e9curit\u00e9\" \/>\n<meta property=\"og:url\" content=\"https:\/\/idckohtao.com\/fr\/pro-level-courses\/wreck-instructor-specialty\/\" \/>\n<meta property=\"og:site_name\" content=\"IDC Koh Tao\" \/>\n<meta property=\"article:publisher\" content=\"https:\/\/www.facebook.com\/GoProIDCKohTao\" \/>\n<meta property=\"article:modified_time\" content=\"2026-01-01T10:02:09+00:00\" \/>\n<meta property=\"og:image\" content=\"https:\/\/idckohtao.com\/wp-content\/uploads\/2023\/09\/idckohtao.com-wreck-diving-on-koh-tao-in-thailand.jpeg\" \/>\n\t<meta property=\"og:image:width\" content=\"1200\" \/>\n\t<meta property=\"og:image:height\" content=\"802\" \/>\n\t<meta property=\"og:image:type\" content=\"image\/jpeg\" \/>\n<meta name=\"twitter:card\" content=\"summary_large_image\" \/>\n<meta name=\"twitter:title\" content=\"IDC Koh Tao | Cours d&#039;instructeur sp\u00e9cialis\u00e9 MSDT PADI \u00e9pave\" \/>\n<meta name=\"twitter:description\" content=\"Notre cours d&#039;instructeur sp\u00e9cialis\u00e9 sur les \u00e9paves PADI \u00e0 Koh Tao vous certifie en tant qu&#039;instructeur sp\u00e9cialis\u00e9 sur les \u00e9paves qui peut enseigner aux \u00e9tudiants comment explorer les \u00e9paves en toute s\u00e9curit\u00e9\" \/>\n<meta name=\"twitter:site\" content=\"@GoProIDCKohTao\" \/>\n<!-- \/ Yoast SEO Premium plugin. -->","yoast_head_json":{"title":"Cours d'instructeur sp\u00e9cialis\u00e9 MSDT PADI \u00e9pave","description":"Notre cours d'instructeur sp\u00e9cialis\u00e9 sur les \u00e9paves PADI \u00e0 Koh Tao vous certifie en tant qu'instructeur sp\u00e9cialis\u00e9 sur les \u00e9paves qui peut enseigner aux \u00e9tudiants comment explorer les \u00e9paves en toute s\u00e9curit\u00e9","robots":{"index":"index","follow":"follow","max-snippet":"max-snippet:-1","max-image-preview":"max-image-preview:large","max-video-preview":"max-video-preview:-1"},"canonical":"https:\/\/idckohtao.com\/fr\/pro-level-courses\/wreck-instructor-specialty\/","og_locale":"fr_FR","og_type":"article","og_title":"IDC Koh Tao | Cours d'instructeur sp\u00e9cialis\u00e9 MSDT PADI \u00e9pave","og_description":"Notre cours d'instructeur sp\u00e9cialis\u00e9 sur les \u00e9paves PADI \u00e0 Koh Tao vous certifie en tant qu'instructeur sp\u00e9cialis\u00e9 sur les \u00e9paves qui peut enseigner aux \u00e9tudiants comment explorer les \u00e9paves en toute s\u00e9curit\u00e9","og_url":"https:\/\/idckohtao.com\/fr\/pro-level-courses\/wreck-instructor-specialty\/","og_site_name":"IDC Koh Tao","article_publisher":"https:\/\/www.facebook.com\/GoProIDCKohTao","article_modified_time":"2026-01-01T10:02:09+00:00","og_image":[{"width":1200,"height":802,"url":"https:\/\/idckohtao.com\/wp-content\/uploads\/2023\/09\/idckohtao.com-wreck-diving-on-koh-tao-in-thailand.jpeg","type":"image\/jpeg"}],"twitter_card":"summary_large_image","twitter_title":"IDC Koh Tao | Cours d'instructeur sp\u00e9cialis\u00e9 MSDT PADI \u00e9pave","twitter_description":"Notre cours d'instructeur sp\u00e9cialis\u00e9 sur les \u00e9paves PADI \u00e0 Koh Tao vous certifie en tant qu'instructeur sp\u00e9cialis\u00e9 sur les \u00e9paves qui peut enseigner aux \u00e9tudiants comment explorer les \u00e9paves en toute s\u00e9curit\u00e9","twitter_site":"@GoProIDCKohTao","schema":{"@context":"https:\/\/schema.org","@graph":[{"@type":"NewsArticle","@id":"https:\/\/idckohtao.com\/fr\/pro-level-courses\/wreck-instructor-specialty\/#article","isPartOf":{"@id":"https:\/\/idckohtao.com\/fr\/pro-level-courses\/wreck-instructor-specialty\/"},"author":{"name":"ojasya","@id":"https:\/\/idckohtao.com\/fr\/#\/schema\/person\/d08d557cbfdbc171f824052dae697b02"},"headline":"Sp\u00e9cialit\u00e9 D&rsquo;instructeur \u00c9pave","datePublished":"2023-08-10T10:25:26+00:00","dateModified":"2026-01-01T10:02:09+00:00","mainEntityOfPage":{"@id":"https:\/\/idckohtao.com\/fr\/pro-level-courses\/wreck-instructor-specialty\/"},"wordCount":535,"publisher":{"@id":"https:\/\/idckohtao.com\/fr\/#organization"},"image":{"@id":"https:\/\/idckohtao.com\/fr\/pro-level-courses\/wreck-instructor-specialty\/#primaryimage"},"thumbnailUrl":"https:\/\/idckohtao.com\/wp-content\/uploads\/2023\/09\/idckohtao.com-wreck-diving-on-koh-tao-in-thailand.jpeg","inLanguage":"fr-FR"},{"@type":"WebPage","@id":"https:\/\/idckohtao.com\/fr\/pro-level-courses\/wreck-instructor-specialty\/","url":"https:\/\/idckohtao.com\/fr\/pro-level-courses\/wreck-instructor-specialty\/","name":"Cours d'instructeur sp\u00e9cialis\u00e9 MSDT PADI \u00e9pave","isPartOf":{"@id":"https:\/\/idckohtao.com\/fr\/#website"},"primaryImageOfPage":{"@id":"https:\/\/idckohtao.com\/fr\/pro-level-courses\/wreck-instructor-specialty\/#primaryimage"},"image":{"@id":"https:\/\/idckohtao.com\/fr\/pro-level-courses\/wreck-instructor-specialty\/#primaryimage"},"thumbnailUrl":"https:\/\/idckohtao.com\/wp-content\/uploads\/2023\/09\/idckohtao.com-wreck-diving-on-koh-tao-in-thailand.jpeg","datePublished":"2023-08-10T10:25:26+00:00","dateModified":"2026-01-01T10:02:09+00:00","description":"Notre cours d'instructeur sp\u00e9cialis\u00e9 sur les \u00e9paves PADI \u00e0 Koh Tao vous certifie en tant qu'instructeur sp\u00e9cialis\u00e9 sur les \u00e9paves qui peut enseigner aux \u00e9tudiants comment explorer les \u00e9paves en toute s\u00e9curit\u00e9","breadcrumb":{"@id":"https:\/\/idckohtao.com\/fr\/pro-level-courses\/wreck-instructor-specialty\/#breadcrumb"},"inLanguage":"fr-FR","potentialAction":[{"@type":"ReadAction","target":["https:\/\/idckohtao.com\/fr\/pro-level-courses\/wreck-instructor-specialty\/"]}]},{"@type":"ImageObject","inLanguage":"fr-FR","@id":"https:\/\/idckohtao.com\/fr\/pro-level-courses\/wreck-instructor-specialty\/#primaryimage","url":"https:\/\/idckohtao.com\/wp-content\/uploads\/2023\/09\/idckohtao.com-wreck-diving-on-koh-tao-in-thailand.jpeg","contentUrl":"https:\/\/idckohtao.com\/wp-content\/uploads\/2023\/09\/idckohtao.com-wreck-diving-on-koh-tao-in-thailand.jpeg","width":1200,"height":802,"caption":"expliring wrecks on koh tao in thaoland"},{"@type":"BreadcrumbList","@id":"https:\/\/idckohtao.com\/fr\/pro-level-courses\/wreck-instructor-specialty\/#breadcrumb","itemListElement":[{"@type":"ListItem","position":1,"name":"Home","item":"https:\/\/idckohtao.com\/fr\/"},{"@type":"ListItem","position":2,"name":"Pro level","item":"https:\/\/idckohtao.com\/fr\/pro-level-courses\/"},{"@type":"ListItem","position":3,"name":"Sp\u00e9cialit\u00e9 D&#8217;instructeur \u00c9pave"}]},{"@type":"WebSite","@id":"https:\/\/idckohtao.com\/fr\/#website","url":"https:\/\/idckohtao.com\/fr\/","name":"IDC Koh Tao","description":"PADI IDC 5 Star Diving Center in Koh Tao - Thailand","publisher":{"@id":"https:\/\/idckohtao.com\/fr\/#organization"},"alternateName":"IDC Koh Tao in Thailand","potentialAction":[{"@type":"SearchAction","target":{"@type":"EntryPoint","urlTemplate":"https:\/\/idckohtao.com\/fr\/?s={search_term_string}"},"query-input":{"@type":"PropertyValueSpecification","valueRequired":true,"valueName":"search_term_string"}}],"inLanguage":"fr-FR"},{"@type":"Organization","@id":"https:\/\/idckohtao.com\/fr\/#organization","name":"IDC Koh Tao","alternateName":"IDC Koh Tao | Divemaster & Diving Instructor","url":"https:\/\/idckohtao.com\/fr\/","logo":{"@type":"ImageObject","inLanguage":"fr-FR","@id":"https:\/\/idckohtao.com\/fr\/#\/schema\/logo\/image\/","url":"https:\/\/idckohtao.com\/wp-content\/uploads\/2023\/09\/idckohtao.com-padi-diving-center-in-koh-tao-thailand.png","contentUrl":"https:\/\/idckohtao.com\/wp-content\/uploads\/2023\/09\/idckohtao.com-padi-diving-center-in-koh-tao-thailand.png","width":400,"height":300,"caption":"IDC Koh Tao"},"image":{"@id":"https:\/\/idckohtao.com\/fr\/#\/schema\/logo\/image\/"},"sameAs":["https:\/\/www.facebook.com\/GoProIDCKohTao","https:\/\/x.com\/GoProIDCKohTao","https:\/\/www.youtube.com\/idckohtao","https:\/\/www.instagram.com\/idc.kohtao\/"],"description":"IDC Koh Tao is a part of the Black Turtle Dive pro level training team with three PADI Course Directors being led by Award Winning PADI Course Director Matt Bolton. Our full range of pro and recreational PADI Diving Courses provides aspiring scuba divers with education, fun, excitement, adventure, and a change of lifestyle or an opportunity to pursue a new career.","email":"info@idckohtao.com","legalName":"IDC Koh Tao","foundingDate":"2004-01-04","numberOfEmployees":{"@type":"QuantitativeValue","minValue":"1","maxValue":"10"},"correctionsPolicy":"https:\/\/idckohtao.com\/privacy-policy\/","ethicsPolicy":"https:\/\/idckohtao.com\/terms\/"},{"@type":"Person","@id":"https:\/\/idckohtao.com\/fr\/#\/schema\/person\/d08d557cbfdbc171f824052dae697b02","name":"ojasya","image":{"@type":"ImageObject","inLanguage":"fr-FR","@id":"https:\/\/secure.gravatar.com\/avatar\/6fb34e36d09053a6545fc21d344613321bb1933f185132488f38052166f5a001?s=96&d=mm&r=g","url":"https:\/\/secure.gravatar.com\/avatar\/6fb34e36d09053a6545fc21d344613321bb1933f185132488f38052166f5a001?s=96&d=mm&r=g","contentUrl":"https:\/\/secure.gravatar.com\/avatar\/6fb34e36d09053a6545fc21d344613321bb1933f185132488f38052166f5a001?s=96&d=mm&r=g","caption":"ojasya"},"sameAs":["https:\/\/idckohtao.com"],"url":"https:\/\/idckohtao.com\/fr\/blog\/author\/ojasya\/"}]}},"_links":{"self":[{"href":"https:\/\/idckohtao.com\/fr\/wp-json\/wp\/v2\/pages\/3563","targetHints":{"allow":["GET"]}}],"collection":[{"href":"https:\/\/idckohtao.com\/fr\/wp-json\/wp\/v2\/pages"}],"about":[{"href":"https:\/\/idckohtao.com\/fr\/wp-json\/wp\/v2\/types\/page"}],"author":[{"embeddable":true,"href":"https:\/\/idckohtao.com\/fr\/wp-json\/wp\/v2\/users\/1"}],"replies":[{"embeddable":true,"href":"https:\/\/idckohtao.com\/fr\/wp-json\/wp\/v2\/comments?post=3563"}],"version-history":[{"count":2,"href":"https:\/\/idckohtao.com\/fr\/wp-json\/wp\/v2\/pages\/3563\/revisions"}],"predecessor-version":[{"id":7592,"href":"https:\/\/idckohtao.com\/fr\/wp-json\/wp\/v2\/pages\/3563\/revisions\/7592"}],"up":[{"embeddable":true,"href":"https:\/\/idckohtao.com\/fr\/wp-json\/wp\/v2\/pages\/7934"}],"wp:featuredmedia":[{"embeddable":true,"href":"https:\/\/idckohtao.com\/fr\/wp-json\/wp\/v2\/media\/4604"}],"wp:attachment":[{"href":"https:\/\/idckohtao.com\/fr\/wp-json\/wp\/v2\/media?parent=3563"}],"curies":[{"name":"wp","href":"https:\/\/api.w.org\/{rel}","templated":true}]}}