{"id":3801,"date":"2023-08-10T07:33:16","date_gmt":"2023-08-10T07:33:16","guid":{"rendered":"https:\/\/idckohtao.com\/why-choose-padi\/"},"modified":"2023-09-16T22:11:24","modified_gmt":"2023-09-16T22:11:24","slug":"why-choose-padi","status":"publish","type":"page","link":"https:\/\/idckohtao.com\/nl\/why-choose-padi\/","title":{"rendered":"Waarom PADI kiezen"},"content":{"rendered":"<h2>PADI \u2022 Wereldleiders in het onderricht van duikers, al meer dan 50 jaar<\/h2>\n<h4><b>Wereldwijde merkherkenning<\/b><\/h4>\n<p>Het PADI merk en logo wordt wereldwijd erkend als de vertegenwoordiging van duikers overal. PADI-professionals,\u00a0<a href=\"https:\/\/www.padi.com\/padi-courses\/padi-course-catalog\" target=\"_blank\" rel=\"noopener\">PADI-cursussen<\/a>\u00a0en PADI-educatief materiaal zijn de meest gewilde benodigdheden in de duikindustrie.<\/p>\n<p>Mensen over de hele wereld verwijzen naar leren duiken als \u2018<a href=\"https:\/\/www.padi.com\/padi-courses\/open-water-diver\" target=\"_blank\" rel=\"noopener\">Get My PADI<\/a>\u2018. Als de wereld rondreizen als duikprofessional klinkt als een droom die je wil verwezenlijken, het is alleen maar logisch dat je het beste kiest. Waar je reis je ook naartoe brengt, bij PADI ben je deel van de familie.<\/p>\n<h4><b>Onderwijs gebaseerd op prestaties<\/b><\/h4>\n<p>Het PADI systeem van duikopleiding is het meest solide systeem in de industrie. Het cre\u00ebert duiker training die zowel leuk als de moeite waard is voor alle niveaus van cursussen.<\/p>\n<p>Als PADI Instructeur kun je er zeker van zijn dat je niveau van opleiding aan de hoogste normen gebeurd en wordt ondersteund door een solide, proactief kwaliteitsmanagementsysteem. De modernste technologie en trainingsmodellen zijn gebruikt om een breed scala aan PADI materialen te maken.<\/p>\n<p>Deze materialen zijn ontwikkeld met de student altijd in het achterhoofd. Er zijn studiematerialen beschikbaar in verschillende media waarmee studenten kunnen leren op een manier die het beste bij hen past..<\/p>\n<p>Of het nu gaat om het lezen van Wrakduiken in het comfort van uw eigen kamer, of het voltooien van\u00a0<a href=\"https:\/\/apps.padi.com\/scuba-diving\/elearning\/\" target=\"_blank\" rel=\"noopener\">Open Water E-Learning<\/a>\u00a0in het vliegtuig naar Thailand. Wat uw behoeften ook zijn, de cursus kan voor elke individuele klant worden aangepast.<\/p>\n<p>Maar PADI is ook de behoeften van degenen die lesgeven niet vergeten. Educatief ondersteuningsmateriaal zal je helpen om belangrijke concepten verder uit te leggen.<\/p>\n<p>Tijdens je\u00a0<a href=\"https:\/\/idckohtao.com\/nl\/padi-instructor-development-course\/\">professionele opleiding tot instructeur,<\/a>\u00a0leer je hoe je de materialen effectief gebruikt en hoe je ze toepast op je eigen persoonlijke leerstijl. Als je zo\u2019n geweldige basis hebt om je lessen op te baseren, kun je meer tijd buiten de klas doorbrengen.<\/p>\n<p>Het grootste voordeel als het gaat om de structuur van alle PADI cursussen is de flexibiliteit. Je zult zien dat programma\u2019s gebaseerd zijn op prestaties en studentgericht zijn. Hierdoor kan je erop vertrouwen dat jij en je studenten de best mogelijke training krijgen.<\/p>\n<p>Elk individu kan iets anders uit de cursus halen en weet dat ze een certificaat zullen krijgen dat wereldwijd wordt erkend.<\/p>\n<p><b>Beste educatieve normen<\/b><\/p>\n<p>Alle PADI programma\u2019s, van instapniveau tot professionele opleiding, vallen onder strikte onderwijsnormen. Dit criterium wordt voortdurend gecontroleerd op wereldwijde consistentie en kwaliteit.<\/p>\n<p>PADI neemt een proactieve houding aan ten aanzien van kwaliteitsmanagement en onderzoekt willekeurig PADI duikers, ongeacht de cursus waarvoor zij zich hebben ingeschreven. De vragen zijn er om te bevestigen dat de cursussen waaraan zij hebben deelgenomen, voldoen aan de hoge normen van PADI, evenals de verwachtingen van de duiker.<\/p>\n<p>Door dit te doen, heeft PADI ervoor gezorgd dat zijn leden zich houden aan de trainingsstandaarden die voor hen zijn vastgesteld. Cursusleiders kunnen trots zijn op hun cursussen, terwijl studenten het vertrouwen hebben in wat ze hebben geleerd. Geen enkele andere organisatie voor het trainen van duikers werkt harder om dit niveau van professionele betrouwbaarheid en integriteit te handhaven.<\/p>\n<p><b>Naleving van de standaarden van de \u2018International Organization for Standardization (ISO)\u2019<\/b><\/p>\n<p>PADI-cursussen zijn gecertificeerd volgens de ISO-normen voor \u2018Recreational Diving Services\u2019. Dit gebeurt door een onafhankelijke auditor, de \u2018European Underwater Federation\u2019 en het \u2018Austrian Standards Institute\u2019.<\/p>\n<p>Deel uitmaken van zo\u2019n wereldwijde organisatie toont echt de intentie van de PADI naam, en alles waar het voor staat.<\/p>\n<p><b>Klantenservice en zakelijke ondersteuning<\/b><\/p>\n<p>Als PADI Pro lid ontvangt u een onge\u00ebvenaard niveau van ondersteuning. Als het gaat om klantenservice en zakelijke consultatie, kan geen enkel ander bureau concurreren. Met het grootste personeel aan regionale managers en gespecialiseerde bedrijfsadviseurs, zult u genieten van \u00e9\u00e9n op \u00e9\u00e9n aandacht van de besten in de industrie.<\/p>\n<p>Er zijn toegewijde\u00a0<a href=\"https:\/\/www.padi.com\/about-padi\/frequently-asked-questions\" target=\"_blank\" rel=\"noopener\">klantenserviceteams<\/a>\u00a0op het regionale hoofdkantoor van PADI die erop gericht zijn u advies, aanbevelingen en zorg te bieden. Alle regionale managers van PADI (RMs) werken al vele jaren in de duikindustrie. Ze zijn goed op de hoogte van PADI-trainingsprogramma\u2019s en -producten, en het merendeel zijn eerder eigenaar of manager van duikwinkels geweest. Zulk team van experts is zeer waardevol.<\/p>\n<p><img decoding=\"async\" class=\"alignnone wp-image-794 size-large\" src=\"https:\/\/idckohtao.com\/wp-content\/uploads\/2023\/08\/padi-idc-koh-tao-confined-water-presentation-1024x576.jpg\" alt=\"padi-idc-koh-tao-confined-water-presentation\" width=\"1024\" height=\"576\" srcset=\"https:\/\/idckohtao.com\/wp-content\/uploads\/2023\/08\/padi-idc-koh-tao-confined-water-presentation-1024x576.jpg 1024w, https:\/\/idckohtao.com\/wp-content\/uploads\/2023\/08\/padi-idc-koh-tao-confined-water-presentation-300x169.jpg 300w, https:\/\/idckohtao.com\/wp-content\/uploads\/2023\/08\/padi-idc-koh-tao-confined-water-presentation-768x432.jpg 768w, https:\/\/idckohtao.com\/wp-content\/uploads\/2023\/08\/padi-idc-koh-tao-confined-water-presentation.jpg 1080w\" sizes=\"(max-width: 1024px) 100vw, 1024px\" \/><\/p>\n<p><b>Risicobeheer en verzekering<\/b><\/p>\n<p>PADI is de enige organisatie die een volledig intern risicobeheersteam ter beschikking stelt. De medewerkers zijn er om u te helpen bij het evalueren van bedrijfspraktijken, onderwijstechnieken en voorzichtige besluitvorming.<\/p>\n<p>Dit zal helpen om de veiligheid en het plezier van uw klanten te verbeteren terwijl je uw eigen risico beheert en het risicomanagementteam is altijd beschikbaar.<\/p>\n<p>Als PADI professional heb je toegang tot de meest\u00a0<a href=\"https:\/\/www.diversalertnetwork.org\/insurance\/\" target=\"_blank\" rel=\"noopener\">uitgebreide verzekeringsprogramma\u2019s<\/a>\u00a0van de duikindustrie. Deze programma\u2019s bieden gespecialiseerde dekking voor duikwinkels, resorts, duikboten en duikinstructeurs.<\/p>\n<p>Het vertrouwen dat je hebt als je het sterkste en meest succesvolle juridische verdedigingsteam ter wereld hebt, is van onschatbare waarde. PADI heeft, gezien zijn omvang, de macht om de belangen van duiken en het milieu te vertegenwoordigen in het licht van wet- of regelgeving..<\/p>\n<p><b>Milieubeheer<\/b><\/p>\n<p>Als de wereldleider op het gebied van duikeropleiding neemt de PADI organisatie haar rol op het gebied van milieubeheer serieus. PADI kantoren, leden en PADI Duikers schenken tijd en middelen om de onderwaterwereld te beschermen, in samenwerking met\u00a0<a href=\"http:\/\/www.projectaware.org\/\" target=\"_blank\" rel=\"noopener\">Project AWARE<\/a>. Duikers worden opgeleid in hoe ze onze oceanen kunnen beschermen en hoe ze blijvende verandering kunnen teweegbrengen.<\/p>\n<p>Zonder zo\u2019n groot podium is het veel moeilijker om gehoord te worden. Project AWARE biedt een wereldwijd platform om op te steunen en het woord te verspreiden. Ze hebben educatief materiaal, specialiteiten en de merknaam om van jullie onderwaterambassadeurs te maken. Het is moeilijk genoeg om iets te veranderen, maar met PADI aan je zijde zijn de mogelijkheden eindeloos.<\/p>\n<p><a href=\"https:\/\/www.msc.org\/what-we-are-doing\/oceans-at-risk\" target=\"_blank\" rel=\"noopener\">Een gezonde oceaan<\/a>\u00a0is van cruciaal belang niet alleen voor ons levensonderhoud, maar ook voor het leven van toekomstige generaties. Gebruik de PADI naam om jezelf en je toekomstige duikers te helpen opleiden. Leef de droom en moedig anderen aan hetzelfde te doen. Verenigd kunnen we een verschil maken..<\/p>\n","protected":false},"excerpt":{"rendered":"<p>PADI \u2022 Wereldleiders in het onderricht van duikers, al meer dan 50 jaar Wereldwijde merkherkenning Het PADI merk en logo wordt wereldwijd erkend als de vertegenwoordiging van duikers overal. PADI-professionals,\u00a0PADI-cursussen\u00a0en PADI-educatief materiaal zijn de meest gewilde benodigdheden in de duikindustrie. Mensen over de hele wereld verwijzen naar leren duiken als \u2018Get My PADI\u2018. Als de [&hellip;]<\/p>\n","protected":false},"author":1,"featured_media":5219,"parent":0,"menu_order":0,"comment_status":"closed","ping_status":"closed","template":"","meta":{"_acf_changed":false,"footnotes":""},"class_list":["post-3801","page","type-page","status-publish","has-post-thumbnail","hentry"],"acf":[],"yoast_head":"<!-- This site is optimized with the Yoast SEO Premium plugin v27.5 (Yoast SEO v27.5) - https:\/\/yoast.com\/product\/yoast-seo-premium-wordpress\/ -->\n<title>IDC Koh Tao | Kies PADI voor je instructeurscursus<\/title>\n<meta name=\"description\" content=\"IDC Koh Tao is een van Zuidoost-Azie&#039;s toonaangevende Pro Level PADI duikcentra. Een bekroond 5 sterren PADI Career Development Center dat de hoogste standaarden aan duikopleidingen aanbiedt.\" \/>\n<meta name=\"robots\" content=\"index, follow, max-snippet:-1, max-image-preview:large, max-video-preview:-1\" \/>\n<link rel=\"canonical\" href=\"https:\/\/idckohtao.com\/nl\/why-choose-padi\/\" \/>\n<meta property=\"og:locale\" content=\"nl_NL\" \/>\n<meta property=\"og:type\" content=\"article\" \/>\n<meta property=\"og:title\" content=\"IDC Koh Tao | Kies PADI voor je instructeurscursus\" \/>\n<meta property=\"og:description\" content=\"IDC Koh Tao is een van Zuidoost-Azie&#039;s toonaangevende Pro Level PADI duikcentra. Een bekroond 5 sterren PADI Career Development Center dat de hoogste standaarden aan duikopleidingen aanbiedt.\" \/>\n<meta property=\"og:url\" content=\"https:\/\/idckohtao.com\/nl\/why-choose-padi\/\" \/>\n<meta property=\"og:site_name\" content=\"IDC Koh Tao\" \/>\n<meta property=\"article:publisher\" content=\"https:\/\/www.facebook.com\/GoProIDCKohTao\" \/>\n<meta property=\"article:modified_time\" content=\"2023-09-16T22:11:24+00:00\" \/>\n<meta property=\"og:image\" content=\"https:\/\/idckohtao.com\/wp-content\/uploads\/2023\/09\/idckohtao.com-diver-instructor-course-in-thailand.jpeg\" \/>\n\t<meta property=\"og:image:width\" content=\"1200\" \/>\n\t<meta property=\"og:image:height\" content=\"900\" \/>\n\t<meta property=\"og:image:type\" content=\"image\/jpeg\" \/>\n<meta name=\"twitter:card\" content=\"summary_large_image\" \/>\n<meta name=\"twitter:title\" content=\"IDC Koh Tao | Kies PADI voor je instructeurscursus\" \/>\n<meta name=\"twitter:description\" content=\"IDC Koh Tao is een van Zuidoost-Azie&#039;s toonaangevende Pro Level PADI duikcentra. Een bekroond 5 sterren PADI Career Development Center dat de hoogste standaarden aan duikopleidingen aanbiedt.\" \/>\n<meta name=\"twitter:site\" content=\"@GoProIDCKohTao\" \/>\n<!-- \/ Yoast SEO Premium plugin. -->","yoast_head_json":{"title":"IDC Koh Tao | Kies PADI voor je instructeurscursus","description":"IDC Koh Tao is een van Zuidoost-Azie&#039;s toonaangevende Pro Level PADI duikcentra. Een bekroond 5 sterren PADI Career Development Center dat de hoogste standaarden aan duikopleidingen aanbiedt.","robots":{"index":"index","follow":"follow","max-snippet":"max-snippet:-1","max-image-preview":"max-image-preview:large","max-video-preview":"max-video-preview:-1"},"canonical":"https:\/\/idckohtao.com\/nl\/why-choose-padi\/","og_locale":"nl_NL","og_type":"article","og_title":"IDC Koh Tao | Kies PADI voor je instructeurscursus","og_description":"IDC Koh Tao is een van Zuidoost-Azie&#039;s toonaangevende Pro Level PADI duikcentra. Een bekroond 5 sterren PADI Career Development Center dat de hoogste standaarden aan duikopleidingen aanbiedt.","og_url":"https:\/\/idckohtao.com\/nl\/why-choose-padi\/","og_site_name":"IDC Koh Tao","article_publisher":"https:\/\/www.facebook.com\/GoProIDCKohTao","article_modified_time":"2023-09-16T22:11:24+00:00","og_image":[{"width":1200,"height":900,"url":"https:\/\/idckohtao.com\/wp-content\/uploads\/2023\/09\/idckohtao.com-diver-instructor-course-in-thailand.jpeg","type":"image\/jpeg"}],"twitter_card":"summary_large_image","twitter_title":"IDC Koh Tao | Kies PADI voor je instructeurscursus","twitter_description":"IDC Koh Tao is een van Zuidoost-Azie&#039;s toonaangevende Pro Level PADI duikcentra. Een bekroond 5 sterren PADI Career Development Center dat de hoogste standaarden aan duikopleidingen aanbiedt.","twitter_site":"@GoProIDCKohTao","schema":{"@context":"https:\/\/schema.org","@graph":[{"@type":"NewsArticle","@id":"https:\/\/idckohtao.com\/nl\/why-choose-padi\/#article","isPartOf":{"@id":"https:\/\/idckohtao.com\/nl\/why-choose-padi\/"},"author":{"name":"ojasya","@id":"https:\/\/idckohtao.com\/nl\/#\/schema\/person\/d08d557cbfdbc171f824052dae697b02"},"headline":"Waarom PADI kiezen","datePublished":"2023-08-10T07:33:16+00:00","dateModified":"2023-09-16T22:11:24+00:00","mainEntityOfPage":{"@id":"https:\/\/idckohtao.com\/nl\/why-choose-padi\/"},"wordCount":987,"publisher":{"@id":"https:\/\/idckohtao.com\/nl\/#organization"},"image":{"@id":"https:\/\/idckohtao.com\/nl\/why-choose-padi\/#primaryimage"},"thumbnailUrl":"https:\/\/idckohtao.com\/wp-content\/uploads\/2023\/09\/idckohtao.com-diver-instructor-course-in-thailand.jpeg","inLanguage":"nl-NL"},{"@type":"WebPage","@id":"https:\/\/idckohtao.com\/nl\/why-choose-padi\/","url":"https:\/\/idckohtao.com\/nl\/why-choose-padi\/","name":"IDC Koh Tao | Kies PADI voor je instructeurscursus","isPartOf":{"@id":"https:\/\/idckohtao.com\/nl\/#website"},"primaryImageOfPage":{"@id":"https:\/\/idckohtao.com\/nl\/why-choose-padi\/#primaryimage"},"image":{"@id":"https:\/\/idckohtao.com\/nl\/why-choose-padi\/#primaryimage"},"thumbnailUrl":"https:\/\/idckohtao.com\/wp-content\/uploads\/2023\/09\/idckohtao.com-diver-instructor-course-in-thailand.jpeg","datePublished":"2023-08-10T07:33:16+00:00","dateModified":"2023-09-16T22:11:24+00:00","description":"IDC Koh Tao is een van Zuidoost-Azie&#039;s toonaangevende Pro Level PADI duikcentra. Een bekroond 5 sterren PADI Career Development Center dat de hoogste standaarden aan duikopleidingen aanbiedt.","breadcrumb":{"@id":"https:\/\/idckohtao.com\/nl\/why-choose-padi\/#breadcrumb"},"inLanguage":"nl-NL","potentialAction":[{"@type":"ReadAction","target":["https:\/\/idckohtao.com\/nl\/why-choose-padi\/"]}]},{"@type":"ImageObject","inLanguage":"nl-NL","@id":"https:\/\/idckohtao.com\/nl\/why-choose-padi\/#primaryimage","url":"https:\/\/idckohtao.com\/wp-content\/uploads\/2023\/09\/idckohtao.com-diver-instructor-course-in-thailand.jpeg","contentUrl":"https:\/\/idckohtao.com\/wp-content\/uploads\/2023\/09\/idckohtao.com-diver-instructor-course-in-thailand.jpeg","width":1200,"height":900,"caption":"PADI IDC Confined Water"},{"@type":"BreadcrumbList","@id":"https:\/\/idckohtao.com\/nl\/why-choose-padi\/#breadcrumb","itemListElement":[{"@type":"ListItem","position":1,"name":"Home","item":"https:\/\/idckohtao.com\/nl\/"},{"@type":"ListItem","position":2,"name":"Waarom PADI kiezen"}]},{"@type":"WebSite","@id":"https:\/\/idckohtao.com\/nl\/#website","url":"https:\/\/idckohtao.com\/nl\/","name":"IDC Koh Tao","description":"PADI IDC 5 Star Diving Center in Koh Tao - Thailand","publisher":{"@id":"https:\/\/idckohtao.com\/nl\/#organization"},"alternateName":"IDC Koh Tao in Thailand","potentialAction":[{"@type":"SearchAction","target":{"@type":"EntryPoint","urlTemplate":"https:\/\/idckohtao.com\/nl\/?s={search_term_string}"},"query-input":{"@type":"PropertyValueSpecification","valueRequired":true,"valueName":"search_term_string"}}],"inLanguage":"nl-NL"},{"@type":"Organization","@id":"https:\/\/idckohtao.com\/nl\/#organization","name":"IDC Koh Tao","alternateName":"IDC Koh Tao | Divemaster & Diving Instructor","url":"https:\/\/idckohtao.com\/nl\/","logo":{"@type":"ImageObject","inLanguage":"nl-NL","@id":"https:\/\/idckohtao.com\/nl\/#\/schema\/logo\/image\/","url":"https:\/\/idckohtao.com\/wp-content\/uploads\/2023\/09\/idckohtao.com-padi-diving-center-in-koh-tao-thailand.png","contentUrl":"https:\/\/idckohtao.com\/wp-content\/uploads\/2023\/09\/idckohtao.com-padi-diving-center-in-koh-tao-thailand.png","width":400,"height":300,"caption":"IDC Koh Tao"},"image":{"@id":"https:\/\/idckohtao.com\/nl\/#\/schema\/logo\/image\/"},"sameAs":["https:\/\/www.facebook.com\/GoProIDCKohTao","https:\/\/x.com\/GoProIDCKohTao","https:\/\/www.youtube.com\/idckohtao","https:\/\/www.instagram.com\/idc.kohtao\/"],"description":"IDC Koh Tao is a part of the Black Turtle Dive pro level training team with three PADI Course Directors being led by Award Winning PADI Course Director Matt Bolton. Our full range of pro and recreational PADI Diving Courses provides aspiring scuba divers with education, fun, excitement, adventure, and a change of lifestyle or an opportunity to pursue a new career.","email":"info@idckohtao.com","legalName":"IDC Koh Tao","foundingDate":"2004-01-04","numberOfEmployees":{"@type":"QuantitativeValue","minValue":"1","maxValue":"10"},"correctionsPolicy":"https:\/\/idckohtao.com\/privacy-policy\/","ethicsPolicy":"https:\/\/idckohtao.com\/terms\/"},{"@type":"Person","@id":"https:\/\/idckohtao.com\/nl\/#\/schema\/person\/d08d557cbfdbc171f824052dae697b02","name":"ojasya","image":{"@type":"ImageObject","inLanguage":"nl-NL","@id":"https:\/\/secure.gravatar.com\/avatar\/6fb34e36d09053a6545fc21d344613321bb1933f185132488f38052166f5a001?s=96&d=mm&r=g","url":"https:\/\/secure.gravatar.com\/avatar\/6fb34e36d09053a6545fc21d344613321bb1933f185132488f38052166f5a001?s=96&d=mm&r=g","contentUrl":"https:\/\/secure.gravatar.com\/avatar\/6fb34e36d09053a6545fc21d344613321bb1933f185132488f38052166f5a001?s=96&d=mm&r=g","caption":"ojasya"},"sameAs":["https:\/\/idckohtao.com"],"url":"https:\/\/idckohtao.com\/nl\/blog\/author\/ojasya\/"}]}},"_links":{"self":[{"href":"https:\/\/idckohtao.com\/nl\/wp-json\/wp\/v2\/pages\/3801","targetHints":{"allow":["GET"]}}],"collection":[{"href":"https:\/\/idckohtao.com\/nl\/wp-json\/wp\/v2\/pages"}],"about":[{"href":"https:\/\/idckohtao.com\/nl\/wp-json\/wp\/v2\/types\/page"}],"author":[{"embeddable":true,"href":"https:\/\/idckohtao.com\/nl\/wp-json\/wp\/v2\/users\/1"}],"replies":[{"embeddable":true,"href":"https:\/\/idckohtao.com\/nl\/wp-json\/wp\/v2\/comments?post=3801"}],"version-history":[{"count":0,"href":"https:\/\/idckohtao.com\/nl\/wp-json\/wp\/v2\/pages\/3801\/revisions"}],"wp:featuredmedia":[{"embeddable":true,"href":"https:\/\/idckohtao.com\/nl\/wp-json\/wp\/v2\/media\/5219"}],"wp:attachment":[{"href":"https:\/\/idckohtao.com\/nl\/wp-json\/wp\/v2\/media?parent=3801"}],"curies":[{"name":"wp","href":"https:\/\/api.w.org\/{rel}","templated":true}]}}